{"id":561,"date":"2017-02-17T19:04:59","date_gmt":"2017-02-17T19:04:59","guid":{"rendered":"http:\/\/vickyortizdogtraining.com\/wp\/?page_id=561\/"},"modified":"2025-06-16T22:06:04","modified_gmt":"2025-06-16T22:06:04","slug":"entrenamiento-especializado","status":"publish","type":"page","link":"https:\/\/vickyortizdogtraining.com\/es\/servicios\/entrenamiento-especializado\/","title":{"rendered":"Entrenamiento Avanzado"},"content":{"rendered":"\t\t<div data-elementor-type=\"wp-page\" data-elementor-id=\"561\" class=\"elementor elementor-561 elementor-133\" data-elementor-post-type=\"page\">\n\t\t\t\t\t\t<section class=\"elementor-section elementor-top-section elementor-element elementor-element-edaee7a elementor-section-stretched elementor-section-full_width elementor-section-height-min-height elementor-section-height-default elementor-section-items-middle\" data-id=\"edaee7a\" data-element_type=\"section\" data-e-type=\"section\" data-settings=\"{&quot;stretch_section&quot;:&quot;section-stretched&quot;,&quot;background_background&quot;:&quot;classic&quot;}\">\n\t\t\t\t\t\t<div class=\"elementor-container elementor-column-gap-default\">\n\t\t\t\t\t<div class=\"elementor-column elementor-col-100 elementor-top-column elementor-element elementor-element-d83580c\" data-id=\"d83580c\" data-element_type=\"column\" data-e-type=\"column\">\n\t\t\t<div class=\"elementor-widget-wrap\">\n\t\t\t\t\t\t\t<\/div>\n\t\t<\/div>\n\t\t\t\t\t<\/div>\n\t\t<\/section>\n\t\t\t\t<section class=\"elementor-section elementor-top-section elementor-element elementor-element-9f0a50b elementor-section-boxed elementor-section-height-default elementor-section-height-default\" data-id=\"9f0a50b\" data-element_type=\"section\" data-e-type=\"section\">\n\t\t\t\t\t\t<div class=\"elementor-container elementor-column-gap-default\">\n\t\t\t\t\t<div class=\"elementor-column elementor-col-50 elementor-top-column elementor-element elementor-element-c408e94\" data-id=\"c408e94\" data-element_type=\"column\" data-e-type=\"column\">\n\t\t\t<div class=\"elementor-widget-wrap elementor-element-populated\">\n\t\t\t\t\t\t<div class=\"elementor-element elementor-element-d9cf22b elementor-widget elementor-widget-image\" data-id=\"d9cf22b\" data-element_type=\"widget\" data-e-type=\"widget\" data-widget_type=\"image.default\">\n\t\t\t\t<div class=\"elementor-widget-container\">\n\t\t\t\t\t\t\t\t\t\t\t\t\t\t\t<img fetchpriority=\"high\" decoding=\"async\" width=\"400\" height=\"401\" src=\"https:\/\/vickyortizdogtraining.com\/wp-content\/uploads\/2021\/07\/advanced-dog-training-.jpg\" class=\"attachment-large size-large wp-image-7210\" alt=\"\" srcset=\"https:\/\/vickyortizdogtraining.com\/wp-content\/uploads\/2021\/07\/advanced-dog-training-.jpg 400w, https:\/\/vickyortizdogtraining.com\/wp-content\/uploads\/2021\/07\/advanced-dog-training--300x300.jpg 300w, https:\/\/vickyortizdogtraining.com\/wp-content\/uploads\/2021\/07\/advanced-dog-training--150x150.jpg 150w\" sizes=\"(max-width: 400px) 100vw, 400px\" \/>\t\t\t\t\t\t\t\t\t\t\t\t\t\t\t<\/div>\n\t\t\t\t<\/div>\n\t\t\t\t\t<\/div>\n\t\t<\/div>\n\t\t\t\t<div class=\"elementor-column elementor-col-50 elementor-top-column elementor-element elementor-element-b89b37c\" data-id=\"b89b37c\" data-element_type=\"column\" data-e-type=\"column\">\n\t\t\t<div class=\"elementor-widget-wrap elementor-element-populated\">\n\t\t\t\t\t\t<div class=\"elementor-element elementor-element-ae7790d elementor-widget elementor-widget-heading\" data-id=\"ae7790d\" data-element_type=\"widget\" data-e-type=\"widget\" data-widget_type=\"heading.default\">\n\t\t\t\t<div class=\"elementor-widget-container\">\n\t\t\t\t\t<h3 class=\"elementor-heading-title elementor-size-default\">Entrenamiento Avanzado<\/h3>\t\t\t\t<\/div>\n\t\t\t\t<\/div>\n\t\t\t\t<div class=\"elementor-element elementor-element-a36e605 elementor-widget elementor-widget-text-editor\" data-id=\"a36e605\" data-element_type=\"widget\" data-e-type=\"widget\" data-widget_type=\"text-editor.default\">\n\t\t\t\t<div class=\"elementor-widget-container\">\n\t\t\t\t\t\t\t\t\t<p>Todo programa de entrenamiento comienza con una evaluaci\u00f3n tanto del perro como del compa\u00f1ero. Esta evaluaci\u00f3n sirve de base para que Vicky Ortiz Dog Training (VODT) conozca a su cliente y al perro, comprenda mejor su relaci\u00f3n y decida qu\u00e9 programa de entrenamiento ser\u00e1 el m\u00e1s adecuado para sus necesidades.<\/p>\n<p>Los programas de Vicky Ortiz Dog Training (VODT) se basan en el refuerzo positivo y nunca en el castigo. La experiencia demuestra que el refuerzo positivo permite que el perro aprenda mucho m\u00e1s r\u00e1pido, disfrute del entrenamiento y mejore su relaci\u00f3n con su compa\u00f1ero.<\/p>\n<p>Es fundamental la presencia del compa\u00f1ero en las sesiones de entrenamiento, ya que el objetivo de Vicky Ortiz Dog Training (VODT) es ense\u00f1arle a entrenar a su propio perro. De esta manera, aprende a comunicarse con \u00e9l de la mejor manera posible. Animamos al cliente a comprometerse para que aprenda a aplicar las lecciones por s\u00ed mismo.<\/p>\n<p>Este programa est\u00e1 dirigido a perros de todas las edades que hayan completado el programa de Entrenamiento B\u00e1sico. La sesi\u00f3n tiene una duraci\u00f3n de 60 minutos, durante los cuales su perro puede aprender ejercicios m\u00e1s complejos. Est\u00e1 dise\u00f1ado como un programa para estimular y desafiar la mente de tu perro. Ejercicios como abrir puertas, quitarle la ropa y los zapatos, encender y apagar luces, dar y lanzar objetos y rodar sobre s\u00ed mismo estimular\u00e1n y activar\u00e1n su energ\u00eda natural.<\/p>\n\t\t\t\t\t\t\t\t<\/div>\n\t\t\t\t<\/div>\n\t\t\t\t\t<\/div>\n\t\t<\/div>\n\t\t\t\t\t<\/div>\n\t\t<\/section>\n\t\t\t\t<section class=\"elementor-section elementor-top-section elementor-element elementor-element-f9eefb2 elementor-section-boxed elementor-section-height-default elementor-section-height-default\" data-id=\"f9eefb2\" data-element_type=\"section\" data-e-type=\"section\">\n\t\t\t\t\t\t<div class=\"elementor-container elementor-column-gap-default\">\n\t\t\t\t\t<div class=\"elementor-column elementor-col-100 elementor-top-column elementor-element elementor-element-51103be\" data-id=\"51103be\" data-element_type=\"column\" data-e-type=\"column\">\n\t\t\t<div class=\"elementor-widget-wrap elementor-element-populated\">\n\t\t\t\t\t\t<div class=\"elementor-element elementor-element-afde076 elementor-align-justify elementor-widget elementor-widget-button\" data-id=\"afde076\" data-element_type=\"widget\" data-e-type=\"widget\" data-widget_type=\"button.default\">\n\t\t\t\t<div class=\"elementor-widget-container\">\n\t\t\t\t\t\t\t\t\t<div class=\"elementor-button-wrapper\">\n\t\t\t\t\t<a class=\"elementor-button elementor-button-link elementor-size-sm\" href=\"https:\/\/vickyortizdogtraining.com\/es\/servicios\/\">\n\t\t\t\t\t\t<span class=\"elementor-button-content-wrapper\">\n\t\t\t\t\t\t\t\t\t<span class=\"elementor-button-text\">VOLVER A SERVICIOS<\/span>\n\t\t\t\t\t<\/span>\n\t\t\t\t\t<\/a>\n\t\t\t\t<\/div>\n\t\t\t\t\t\t\t\t<\/div>\n\t\t\t\t<\/div>\n\t\t\t\t\t<\/div>\n\t\t<\/div>\n\t\t\t\t\t<\/div>\n\t\t<\/section>\n\t\t\t\t<\/div>\n\t\t","protected":false},"excerpt":{"rendered":"<p>Entrenamiento Avanzado Todo programa de entrenamiento comienza con una evaluaci\u00f3n tanto del perro como del compa\u00f1ero. Esta evaluaci\u00f3n sirve de base para que Vicky Ortiz Dog Training (VODT) conozca a su cliente y al perro, comprenda mejor su relaci\u00f3n y decida qu\u00e9 programa de entrenamiento ser\u00e1 el m\u00e1s adecuado para sus necesidades. Los programas de [&hellip;]<\/p>\n","protected":false},"author":1,"featured_media":0,"parent":559,"menu_order":2,"comment_status":"closed","ping_status":"closed","template":"","meta":{"site-sidebar-layout":"no-sidebar","site-content-layout":"page-builder","ast-site-content-layout":"full-width-container","site-content-style":"unboxed","site-sidebar-style":"unboxed","ast-global-header-display":"","ast-banner-title-visibility":"","ast-main-header-display":"","ast-hfb-above-header-display":"","ast-hfb-below-header-display":"","ast-hfb-mobile-header-display":"","site-post-title":"disabled","ast-breadcrumbs-content":"disabled","ast-featured-img":"disabled","footer-sml-layout":"","ast-disable-related-posts":"","theme-transparent-header-meta":"enabled","adv-header-id-meta":"","stick-header-meta":"","header-above-stick-meta":"","header-main-stick-meta":"","header-below-stick-meta":"","astra-migrate-meta-layouts":"set","ast-page-background-enabled":"default","ast-page-background-meta":{"desktop":{"background-color":"var(--ast-global-color-4)","background-image":"","background-repeat":"repeat","background-position":"center center","background-size":"auto","background-attachment":"scroll","background-type":"","background-media":"","overlay-type":"","overlay-color":"","overlay-opacity":"","overlay-gradient":""},"tablet":{"background-color":"","background-image":"","background-repeat":"repeat","background-position":"center center","background-size":"auto","background-attachment":"scroll","background-type":"","background-media":"","overlay-type":"","overlay-color":"","overlay-opacity":"","overlay-gradient":""},"mobile":{"background-color":"","background-image":"","background-repeat":"repeat","background-position":"center center","background-size":"auto","background-attachment":"scroll","background-type":"","background-media":"","overlay-type":"","overlay-color":"","overlay-opacity":"","overlay-gradient":""}},"ast-content-background-meta":{"desktop":{"background-color":"var(--ast-global-color-5)","background-image":"","background-repeat":"repeat","background-position":"center center","background-size":"auto","background-attachment":"scroll","background-type":"","background-media":"","overlay-type":"","overlay-color":"","overlay-opacity":"","overlay-gradient":""},"tablet":{"background-color":"var(--ast-global-color-5)","background-image":"","background-repeat":"repeat","background-position":"center center","background-size":"auto","background-attachment":"scroll","background-type":"","background-media":"","overlay-type":"","overlay-color":"","overlay-opacity":"","overlay-gradient":""},"mobile":{"background-color":"var(--ast-global-color-5)","background-image":"","background-repeat":"repeat","background-position":"center center","background-size":"auto","background-attachment":"scroll","background-type":"","background-media":"","overlay-type":"","overlay-color":"","overlay-opacity":"","overlay-gradient":""}},"footnotes":""},"class_list":["post-561","page","type-page","status-publish","hentry"],"_links":{"self":[{"href":"https:\/\/vickyortizdogtraining.com\/es\/wp-json\/wp\/v2\/pages\/561","targetHints":{"allow":["GET"]}}],"collection":[{"href":"https:\/\/vickyortizdogtraining.com\/es\/wp-json\/wp\/v2\/pages"}],"about":[{"href":"https:\/\/vickyortizdogtraining.com\/es\/wp-json\/wp\/v2\/types\/page"}],"author":[{"embeddable":true,"href":"https:\/\/vickyortizdogtraining.com\/es\/wp-json\/wp\/v2\/users\/1"}],"replies":[{"embeddable":true,"href":"https:\/\/vickyortizdogtraining.com\/es\/wp-json\/wp\/v2\/comments?post=561"}],"version-history":[{"count":32,"href":"https:\/\/vickyortizdogtraining.com\/es\/wp-json\/wp\/v2\/pages\/561\/revisions"}],"predecessor-version":[{"id":8370,"href":"https:\/\/vickyortizdogtraining.com\/es\/wp-json\/wp\/v2\/pages\/561\/revisions\/8370"}],"up":[{"embeddable":true,"href":"https:\/\/vickyortizdogtraining.com\/es\/wp-json\/wp\/v2\/pages\/559"}],"wp:attachment":[{"href":"https:\/\/vickyortizdogtraining.com\/es\/wp-json\/wp\/v2\/media?parent=561"}],"curies":[{"name":"wp","href":"https:\/\/api.w.org\/{rel}","templated":true}]}}