{"id":559,"date":"2017-02-17T19:04:09","date_gmt":"2017-02-17T19:04:09","guid":{"rendered":"http:\/\/vickyortizdogtraining.com\/wp\/?page_id=559\/"},"modified":"2025-06-16T22:00:26","modified_gmt":"2025-06-16T22:00:26","slug":"servicios","status":"publish","type":"page","link":"https:\/\/vickyortizdogtraining.com\/es\/servicios\/","title":{"rendered":"Servicios"},"content":{"rendered":"\t\t<div data-elementor-type=\"wp-page\" data-elementor-id=\"559\" class=\"elementor elementor-559 elementor-8\" data-elementor-post-type=\"page\">\n\t\t\t\t\t\t<section class=\"elementor-section elementor-top-section elementor-element elementor-element-bee96ce elementor-section-stretched elementor-section-full_width elementor-section-height-min-height elementor-section-height-default elementor-section-items-middle\" data-id=\"bee96ce\" data-element_type=\"section\" data-e-type=\"section\" data-settings=\"{&quot;stretch_section&quot;:&quot;section-stretched&quot;,&quot;background_background&quot;:&quot;classic&quot;}\">\n\t\t\t\t\t\t\t<div class=\"elementor-background-overlay\"><\/div>\n\t\t\t\t\t\t\t<div class=\"elementor-container elementor-column-gap-default\">\n\t\t\t\t\t<div class=\"elementor-column elementor-col-100 elementor-top-column elementor-element elementor-element-87232a2\" data-id=\"87232a2\" data-element_type=\"column\" data-e-type=\"column\">\n\t\t\t<div class=\"elementor-widget-wrap\">\n\t\t\t\t\t\t\t<\/div>\n\t\t<\/div>\n\t\t\t\t\t<\/div>\n\t\t<\/section>\n\t\t\t\t<section class=\"elementor-section elementor-top-section elementor-element elementor-element-1366e5d elementor-section-stretched elementor-section-boxed elementor-section-height-default elementor-section-height-default\" data-id=\"1366e5d\" data-element_type=\"section\" data-e-type=\"section\" data-settings=\"{&quot;stretch_section&quot;:&quot;section-stretched&quot;,&quot;background_background&quot;:&quot;classic&quot;}\">\n\t\t\t\t\t\t<div class=\"elementor-container elementor-column-gap-default\">\n\t\t\t\t\t<div class=\"elementor-column elementor-col-100 elementor-top-column elementor-element elementor-element-4ab75ae\" data-id=\"4ab75ae\" data-element_type=\"column\" data-e-type=\"column\">\n\t\t\t<div class=\"elementor-widget-wrap elementor-element-populated\">\n\t\t\t\t\t\t<div class=\"elementor-element elementor-element-3f8a22d elementor-widget elementor-widget-heading\" data-id=\"3f8a22d\" data-element_type=\"widget\" data-e-type=\"widget\" data-widget_type=\"heading.default\">\n\t\t\t\t<div class=\"elementor-widget-container\">\n\t\t\t\t\t<h2 class=\"elementor-heading-title elementor-size-default\">Servicios<\/h2>\t\t\t\t<\/div>\n\t\t\t\t<\/div>\n\t\t\t\t\t<\/div>\n\t\t<\/div>\n\t\t\t\t\t<\/div>\n\t\t<\/section>\n\t\t\t\t<section class=\"elementor-section elementor-top-section elementor-element elementor-element-36a746e elementor-section-boxed elementor-section-height-default elementor-section-height-default\" data-id=\"36a746e\" data-element_type=\"section\" data-e-type=\"section\">\n\t\t\t\t\t\t<div class=\"elementor-container elementor-column-gap-default\">\n\t\t\t\t\t<div class=\"elementor-column elementor-col-50 elementor-top-column elementor-element elementor-element-75e7722\" data-id=\"75e7722\" data-element_type=\"column\" data-e-type=\"column\">\n\t\t\t<div class=\"elementor-widget-wrap elementor-element-populated\">\n\t\t\t\t\t\t<div class=\"elementor-element elementor-element-b11146b elementor-widget elementor-widget-image\" data-id=\"b11146b\" data-element_type=\"widget\" data-e-type=\"widget\" data-widget_type=\"image.default\">\n\t\t\t\t<div class=\"elementor-widget-container\">\n\t\t\t\t\t\t\t\t\t\t\t\t\t\t\t<img fetchpriority=\"high\" decoding=\"async\" width=\"300\" height=\"225\" src=\"https:\/\/vickyortizdogtraining.com\/wp-content\/uploads\/2025\/06\/Dog-Education-Home-300x225.webp\" class=\"attachment-medium size-medium wp-image-8248\" alt=\"\" srcset=\"https:\/\/vickyortizdogtraining.com\/wp-content\/uploads\/2025\/06\/Dog-Education-Home-300x225.webp 300w, https:\/\/vickyortizdogtraining.com\/wp-content\/uploads\/2025\/06\/Dog-Education-Home-768x576.webp 768w, https:\/\/vickyortizdogtraining.com\/wp-content\/uploads\/2025\/06\/Dog-Education-Home.webp 800w\" sizes=\"(max-width: 300px) 100vw, 300px\" \/>\t\t\t\t\t\t\t\t\t\t\t\t\t\t\t<\/div>\n\t\t\t\t<\/div>\n\t\t\t\t\t<\/div>\n\t\t<\/div>\n\t\t\t\t<div class=\"elementor-column elementor-col-50 elementor-top-column elementor-element elementor-element-eb6290f\" data-id=\"eb6290f\" data-element_type=\"column\" data-e-type=\"column\">\n\t\t\t<div class=\"elementor-widget-wrap elementor-element-populated\">\n\t\t\t\t\t\t<div class=\"elementor-element elementor-element-59e163f elementor-widget elementor-widget-heading\" data-id=\"59e163f\" data-element_type=\"widget\" data-e-type=\"widget\" data-widget_type=\"heading.default\">\n\t\t\t\t<div class=\"elementor-widget-container\">\n\t\t\t\t\t<h3 class=\"elementor-heading-title elementor-size-default\">Entrenamiento de perros<\/h3>\t\t\t\t<\/div>\n\t\t\t\t<\/div>\n\t\t\t\t<div class=\"elementor-element elementor-element-6c9e10f elementor-widget elementor-widget-text-editor\" data-id=\"6c9e10f\" data-element_type=\"widget\" data-e-type=\"widget\" data-widget_type=\"text-editor.default\">\n\t\t\t\t<div class=\"elementor-widget-container\">\n\t\t\t\t\t\t\t\t\t<p>Los programas de <strong>Vicky Ortiz Dog Training &amp; Pet Services<\/strong> se basan en <strong>el refuerzo positivo<\/strong>. La experiencia ha demostrado que el refuerzo positivo permite que el perro aprenda mucho m\u00e1s r\u00e1pido, disfrute del entrenamiento y mejore su relaci\u00f3n con su compa\u00f1ero.<br \/>Cada programa de entrenamiento comienza con una evaluaci\u00f3n tanto del perro como del compa\u00f1ero. Esta evaluaci\u00f3n sirve como base para que Vicky Ortiz Dog Training &amp; Pet Services conozca a su cliente y al perro, comprenda mejor su relaci\u00f3n y decida qu\u00e9 programa de entrenamiento ser\u00e1 el m\u00e1s \u00fatil para enfocarse en sus necesidades.<br \/>Es esencial contar con la presencia del compa\u00f1ero en las sesiones de entrenamiento, ya que el objetivo de Vicky Ortiz Dog Training &amp; Pet Services es ense\u00f1arle a entrenar a su propio perro. De esta manera, aprende a comunicarse con su perro de la mejor manera posible. Animamos al cliente a comprometerse a aprender a aplicar las lecciones por s\u00ed mismo.<\/p>\n\t\t\t\t\t\t\t\t<\/div>\n\t\t\t\t<\/div>\n\t\t\t\t<section class=\"elementor-section elementor-inner-section elementor-element elementor-element-1a15ad4 elementor-section-boxed elementor-section-height-default elementor-section-height-default\" data-id=\"1a15ad4\" data-element_type=\"section\" data-e-type=\"section\">\n\t\t\t\t\t\t<div class=\"elementor-container elementor-column-gap-default\">\n\t\t\t\t\t<div class=\"elementor-column elementor-col-50 elementor-inner-column elementor-element elementor-element-5a43c21\" data-id=\"5a43c21\" data-element_type=\"column\" data-e-type=\"column\">\n\t\t\t<div class=\"elementor-widget-wrap elementor-element-populated\">\n\t\t\t\t\t\t<div class=\"elementor-element elementor-element-69fce0e elementor-align-right elementor-mobile-align-center elementor-widget elementor-widget-button\" data-id=\"69fce0e\" data-element_type=\"widget\" data-e-type=\"widget\" data-widget_type=\"button.default\">\n\t\t\t\t<div class=\"elementor-widget-container\">\n\t\t\t\t\t\t\t\t\t<div class=\"elementor-button-wrapper\">\n\t\t\t\t\t<a class=\"elementor-button elementor-button-link elementor-size-sm\" href=\"https:\/\/vickyortizdogtraining.com\/services\/training\/basic-training\/\">\n\t\t\t\t\t\t<span class=\"elementor-button-content-wrapper\">\n\t\t\t\t\t\t\t\t\t<span class=\"elementor-button-text\">ENTRENAMIENTO B\u00c1SICO<\/span>\n\t\t\t\t\t<\/span>\n\t\t\t\t\t<\/a>\n\t\t\t\t<\/div>\n\t\t\t\t\t\t\t\t<\/div>\n\t\t\t\t<\/div>\n\t\t\t\t\t<\/div>\n\t\t<\/div>\n\t\t\t\t<div class=\"elementor-column elementor-col-50 elementor-inner-column elementor-element elementor-element-50fcff3\" data-id=\"50fcff3\" data-element_type=\"column\" data-e-type=\"column\">\n\t\t\t<div class=\"elementor-widget-wrap elementor-element-populated\">\n\t\t\t\t\t\t<div class=\"elementor-element elementor-element-5d996b1 elementor-mobile-align-center elementor-widget elementor-widget-button\" data-id=\"5d996b1\" data-element_type=\"widget\" data-e-type=\"widget\" data-widget_type=\"button.default\">\n\t\t\t\t<div class=\"elementor-widget-container\">\n\t\t\t\t\t\t\t\t\t<div class=\"elementor-button-wrapper\">\n\t\t\t\t\t<a class=\"elementor-button elementor-button-link elementor-size-sm\" href=\"https:\/\/vickyortizdogtraining.com\/services\/training\/specialized-training\/\">\n\t\t\t\t\t\t<span class=\"elementor-button-content-wrapper\">\n\t\t\t\t\t\t\t\t\t<span class=\"elementor-button-text\">FORMACI\u00d3N AVANZADA<\/span>\n\t\t\t\t\t<\/span>\n\t\t\t\t\t<\/a>\n\t\t\t\t<\/div>\n\t\t\t\t\t\t\t\t<\/div>\n\t\t\t\t<\/div>\n\t\t\t\t\t<\/div>\n\t\t<\/div>\n\t\t\t\t\t<\/div>\n\t\t<\/section>\n\t\t\t\t\t<\/div>\n\t\t<\/div>\n\t\t\t\t\t<\/div>\n\t\t<\/section>\n\t\t\t\t<section class=\"elementor-section elementor-top-section elementor-element elementor-element-cff0c7c elementor-section-boxed elementor-section-height-default elementor-section-height-default\" data-id=\"cff0c7c\" data-element_type=\"section\" data-e-type=\"section\" data-settings=\"{&quot;background_background&quot;:&quot;classic&quot;}\">\n\t\t\t\t\t\t<div class=\"elementor-container elementor-column-gap-default\">\n\t\t\t\t\t<div class=\"elementor-column elementor-col-50 elementor-top-column elementor-element elementor-element-026fc6c\" data-id=\"026fc6c\" data-element_type=\"column\" data-e-type=\"column\">\n\t\t\t<div class=\"elementor-widget-wrap elementor-element-populated\">\n\t\t\t\t\t\t<div class=\"elementor-element elementor-element-e541fa5 elementor-widget elementor-widget-image\" data-id=\"e541fa5\" data-element_type=\"widget\" data-e-type=\"widget\" data-widget_type=\"image.default\">\n\t\t\t\t<div class=\"elementor-widget-container\">\n\t\t\t\t\t\t\t\t\t\t\t\t\t\t\t<img decoding=\"async\" width=\"300\" height=\"225\" src=\"https:\/\/vickyortizdogtraining.com\/wp-content\/uploads\/2025\/06\/Dog-Walking-Home-300x225.webp\" class=\"attachment-medium size-medium wp-image-8250\" alt=\"\" srcset=\"https:\/\/vickyortizdogtraining.com\/wp-content\/uploads\/2025\/06\/Dog-Walking-Home-300x225.webp 300w, https:\/\/vickyortizdogtraining.com\/wp-content\/uploads\/2025\/06\/Dog-Walking-Home-768x576.webp 768w, https:\/\/vickyortizdogtraining.com\/wp-content\/uploads\/2025\/06\/Dog-Walking-Home.webp 800w\" sizes=\"(max-width: 300px) 100vw, 300px\" \/>\t\t\t\t\t\t\t\t\t\t\t\t\t\t\t<\/div>\n\t\t\t\t<\/div>\n\t\t\t\t\t<\/div>\n\t\t<\/div>\n\t\t\t\t<div class=\"elementor-column elementor-col-50 elementor-top-column elementor-element elementor-element-feed7c3\" data-id=\"feed7c3\" data-element_type=\"column\" data-e-type=\"column\">\n\t\t\t<div class=\"elementor-widget-wrap elementor-element-populated\">\n\t\t\t\t\t\t<div class=\"elementor-element elementor-element-f655672 elementor-widget elementor-widget-heading\" data-id=\"f655672\" data-element_type=\"widget\" data-e-type=\"widget\" data-widget_type=\"heading.default\">\n\t\t\t\t<div class=\"elementor-widget-container\">\n\t\t\t\t\t<h3 class=\"elementor-heading-title elementor-size-default\">Paseo Caninos<\/h3>\t\t\t\t<\/div>\n\t\t\t\t<\/div>\n\t\t\t\t<div class=\"elementor-element elementor-element-f7f9d07 elementor-widget elementor-widget-text-editor\" data-id=\"f7f9d07\" data-element_type=\"widget\" data-e-type=\"widget\" data-widget_type=\"text-editor.default\">\n\t\t\t\t<div class=\"elementor-widget-container\">\n\t\t\t\t\t\t\t\t\t<p>En Vicky Ortiz Dog Training &amp; Pet Services, nuestro servicio de paseos guiados es m\u00e1s que solo ejercicio diario: es una experiencia estructurada que apoya el bienestar f\u00edsico y mental de su perro. Los paseos pueden ser individuales o en grupos peque\u00f1os de hasta cinco perros, siempre supervisados \u200b\u200by adaptados a su temperamento y nivel de energ\u00eda.<\/p>\n<p>Durante cada paseo, su perro realizar\u00e1 ejercicios que le ayudar\u00e1n a concentrarse, como caminar tranquilamente con correa, evitar tirones y practicar comportamientos sociales positivos con otros perros. Estos momentos est\u00e1n dise\u00f1ados para reforzar h\u00e1bitos tranquilos y respetuosos en entornos reales.<\/p>\n<p>Pero no todo es disciplina: la estimulaci\u00f3n mental y la alegr\u00eda son igual de importantes. Su perro tambi\u00e9n tendr\u00e1 tiempo para olfatear, explorar, cavar, correr y jugar, lo cual es esencial para su equilibrio emocional y felicidad. Despu\u00e9s de nuestros paseos, los perros regresan a casa tranquilos, satisfechos y relajados, listos para un merecido descanso.<\/p>\n\t\t\t\t\t\t\t\t<\/div>\n\t\t\t\t<\/div>\n\t\t\t\t\t<\/div>\n\t\t<\/div>\n\t\t\t\t\t<\/div>\n\t\t<\/section>\n\t\t\t\t<section class=\"elementor-section elementor-top-section elementor-element elementor-element-2a0c8f4 elementor-section-boxed elementor-section-height-default elementor-section-height-default\" data-id=\"2a0c8f4\" data-element_type=\"section\" data-e-type=\"section\" data-settings=\"{&quot;background_background&quot;:&quot;classic&quot;}\">\n\t\t\t\t\t\t<div class=\"elementor-container elementor-column-gap-default\">\n\t\t\t\t\t<div class=\"elementor-column elementor-col-50 elementor-top-column elementor-element elementor-element-9ae731e\" data-id=\"9ae731e\" data-element_type=\"column\" data-e-type=\"column\">\n\t\t\t<div class=\"elementor-widget-wrap elementor-element-populated\">\n\t\t\t\t\t\t<div class=\"elementor-element elementor-element-709fb18 elementor-widget elementor-widget-image\" data-id=\"709fb18\" data-element_type=\"widget\" data-e-type=\"widget\" data-widget_type=\"image.default\">\n\t\t\t\t<div class=\"elementor-widget-container\">\n\t\t\t\t\t\t\t\t\t\t\t\t\t\t\t<img decoding=\"async\" width=\"300\" height=\"225\" src=\"https:\/\/vickyortizdogtraining.com\/wp-content\/uploads\/2025\/06\/Pet-Sitting-Home-300x225.webp\" class=\"attachment-medium size-medium wp-image-8262\" alt=\"\" srcset=\"https:\/\/vickyortizdogtraining.com\/wp-content\/uploads\/2025\/06\/Pet-Sitting-Home-300x225.webp 300w, https:\/\/vickyortizdogtraining.com\/wp-content\/uploads\/2025\/06\/Pet-Sitting-Home-768x576.webp 768w, https:\/\/vickyortizdogtraining.com\/wp-content\/uploads\/2025\/06\/Pet-Sitting-Home.webp 800w\" sizes=\"(max-width: 300px) 100vw, 300px\" \/>\t\t\t\t\t\t\t\t\t\t\t\t\t\t\t<\/div>\n\t\t\t\t<\/div>\n\t\t\t\t\t<\/div>\n\t\t<\/div>\n\t\t\t\t<div class=\"elementor-column elementor-col-50 elementor-top-column elementor-element elementor-element-051d1dd\" data-id=\"051d1dd\" data-element_type=\"column\" data-e-type=\"column\">\n\t\t\t<div class=\"elementor-widget-wrap elementor-element-populated\">\n\t\t\t\t\t\t<div class=\"elementor-element elementor-element-8cddd5c elementor-widget elementor-widget-heading\" data-id=\"8cddd5c\" data-element_type=\"widget\" data-e-type=\"widget\" data-widget_type=\"heading.default\">\n\t\t\t\t<div class=\"elementor-widget-container\">\n\t\t\t\t\t<h3 class=\"elementor-heading-title elementor-size-default\">Cuidado de mascotas<\/h3>\t\t\t\t<\/div>\n\t\t\t\t<\/div>\n\t\t\t\t<div class=\"elementor-element elementor-element-8fef6d6 elementor-widget elementor-widget-text-editor\" data-id=\"8fef6d6\" data-element_type=\"widget\" data-e-type=\"widget\" data-widget_type=\"text-editor.default\">\n\t\t\t\t<div class=\"elementor-widget-container\">\n\t\t\t\t\t\t\t\t\t<p>Nuestro servicio de cuidado de mascotas est\u00e1 dise\u00f1ado para que su perro se sienta como en casa, porque mientras usted est\u00e1 de vacaciones, su perro tambi\u00e9n se lo merece. En Vicky Ortiz Dog Training &amp; Pet Services, ofrecemos una experiencia de alojamiento familiar con cuidado, atenci\u00f3n y amor constantes.<\/p>\n<p>Antes de que su perro se quede con nosotros, comenzamos con una visita de evaluaci\u00f3n. Esto nos ayuda a ver c\u00f3mo se adapta a nuestro entorno y c\u00f3mo interact\u00faa con otros perros que se alojan con nosotros. Una vez aprobada, le pediremos que complete un formulario de admisi\u00f3n detallado para que podamos comprender las necesidades de salud, personalidad, alergias o medicamentos de su perro; todo lo necesario para garantizar una estancia segura y sin estr\u00e9s.<\/p>\n<p>Durante su estancia con nosotros, su perro ser\u00e1 parte de nuestra familia. Nunca usamos jaulas y su perro nunca se queda solo; siempre hay alguien presente las 24 horas, los 7 d\u00edas de la semana. Disfrutar\u00e1 del juego en nuestro amplio patio, juegos interactivos para la estimulaci\u00f3n mental y paseos diarios para mantener su rutina familiar y equilibrada.<\/p>\n<p>Seguimos sus instrucciones si su perro requiere medicamentos o una dieta especial. Cada detalle importa, porque la comodidad, la seguridad y la felicidad de su perro son nuestras principales prioridades.<\/p>\n<p>No solo cuidamos perros, sino que los recibimos en casa como si fueran uno m\u00e1s de nosotros.<\/p>\n\t\t\t\t\t\t\t\t<\/div>\n\t\t\t\t<\/div>\n\t\t\t\t\t<\/div>\n\t\t<\/div>\n\t\t\t\t\t<\/div>\n\t\t<\/section>\n\t\t\t\t<\/div>\n\t\t","protected":false},"excerpt":{"rendered":"<p>Servicios Entrenamiento de perros Los programas de Vicky Ortiz Dog Training &amp; Pet Services se basan en el refuerzo positivo. La experiencia ha demostrado que el refuerzo positivo permite que el perro aprenda mucho m\u00e1s r\u00e1pido, disfrute del entrenamiento y mejore su relaci\u00f3n con su compa\u00f1ero.Cada programa de entrenamiento comienza con una evaluaci\u00f3n tanto del [&hellip;]<\/p>\n","protected":false},"author":1,"featured_media":0,"parent":0,"menu_order":3,"comment_status":"closed","ping_status":"closed","template":"elementor_header_footer","meta":{"site-sidebar-layout":"no-sidebar","site-content-layout":"page-builder","ast-site-content-layout":"full-width-container","site-content-style":"unboxed","site-sidebar-style":"unboxed","ast-global-header-display":"","ast-banner-title-visibility":"","ast-main-header-display":"","ast-hfb-above-header-display":"","ast-hfb-below-header-display":"","ast-hfb-mobile-header-display":"","site-post-title":"disabled","ast-breadcrumbs-content":"disabled","ast-featured-img":"disabled","footer-sml-layout":"","ast-disable-related-posts":"","theme-transparent-header-meta":"enabled","adv-header-id-meta":"","stick-header-meta":"","header-above-stick-meta":"","header-main-stick-meta":"","header-below-stick-meta":"","astra-migrate-meta-layouts":"set","ast-page-background-enabled":"default","ast-page-background-meta":{"desktop":{"background-color":"var(--ast-global-color-4)","background-image":"","background-repeat":"repeat","background-position":"center center","background-size":"auto","background-attachment":"scroll","background-type":"","background-media":"","overlay-type":"","overlay-color":"","overlay-opacity":"","overlay-gradient":""},"tablet":{"background-color":"","background-image":"","background-repeat":"repeat","background-position":"center center","background-size":"auto","background-attachment":"scroll","background-type":"","background-media":"","overlay-type":"","overlay-color":"","overlay-opacity":"","overlay-gradient":""},"mobile":{"background-color":"","background-image":"","background-repeat":"repeat","background-position":"center center","background-size":"auto","background-attachment":"scroll","background-type":"","background-media":"","overlay-type":"","overlay-color":"","overlay-opacity":"","overlay-gradient":""}},"ast-content-background-meta":{"desktop":{"background-color":"var(--ast-global-color-5)","background-image":"","background-repeat":"repeat","background-position":"center center","background-size":"auto","background-attachment":"scroll","background-type":"","background-media":"","overlay-type":"","overlay-color":"","overlay-opacity":"","overlay-gradient":""},"tablet":{"background-color":"var(--ast-global-color-5)","background-image":"","background-repeat":"repeat","background-position":"center center","background-size":"auto","background-attachment":"scroll","background-type":"","background-media":"","overlay-type":"","overlay-color":"","overlay-opacity":"","overlay-gradient":""},"mobile":{"background-color":"var(--ast-global-color-5)","background-image":"","background-repeat":"repeat","background-position":"center center","background-size":"auto","background-attachment":"scroll","background-type":"","background-media":"","overlay-type":"","overlay-color":"","overlay-opacity":"","overlay-gradient":""}},"footnotes":""},"class_list":["post-559","page","type-page","status-publish","hentry"],"_links":{"self":[{"href":"https:\/\/vickyortizdogtraining.com\/es\/wp-json\/wp\/v2\/pages\/559","targetHints":{"allow":["GET"]}}],"collection":[{"href":"https:\/\/vickyortizdogtraining.com\/es\/wp-json\/wp\/v2\/pages"}],"about":[{"href":"https:\/\/vickyortizdogtraining.com\/es\/wp-json\/wp\/v2\/types\/page"}],"author":[{"embeddable":true,"href":"https:\/\/vickyortizdogtraining.com\/es\/wp-json\/wp\/v2\/users\/1"}],"replies":[{"embeddable":true,"href":"https:\/\/vickyortizdogtraining.com\/es\/wp-json\/wp\/v2\/comments?post=559"}],"version-history":[{"count":62,"href":"https:\/\/vickyortizdogtraining.com\/es\/wp-json\/wp\/v2\/pages\/559\/revisions"}],"predecessor-version":[{"id":8368,"href":"https:\/\/vickyortizdogtraining.com\/es\/wp-json\/wp\/v2\/pages\/559\/revisions\/8368"}],"wp:attachment":[{"href":"https:\/\/vickyortizdogtraining.com\/es\/wp-json\/wp\/v2\/media?parent=559"}],"curies":[{"name":"wp","href":"https:\/\/api.w.org\/{rel}","templated":true}]}}