{"id":547,"date":"2017-02-17T18:58:59","date_gmt":"2017-02-17T18:58:59","guid":{"rendered":"http:\/\/vickyortizdogtraining.com\/wp\/?page_id=547\/"},"modified":"2025-06-16T22:01:51","modified_gmt":"2025-06-16T22:01:51","slug":"entrenamiento-basico","status":"publish","type":"page","link":"https:\/\/vickyortizdogtraining.com\/es\/servicios\/entrenamiento-basico\/","title":{"rendered":"Entrenamiento B\u00e1sico"},"content":{"rendered":"\t\t<div data-elementor-type=\"wp-page\" data-elementor-id=\"547\" class=\"elementor elementor-547 elementor-75\" data-elementor-post-type=\"page\">\n\t\t\t\t\t\t<section class=\"elementor-section elementor-top-section elementor-element elementor-element-e4f44e8 elementor-section-stretched elementor-section-full_width elementor-section-height-min-height elementor-section-height-default elementor-section-items-middle\" data-id=\"e4f44e8\" data-element_type=\"section\" data-e-type=\"section\" data-settings=\"{&quot;stretch_section&quot;:&quot;section-stretched&quot;,&quot;background_background&quot;:&quot;classic&quot;}\">\n\t\t\t\t\t\t<div class=\"elementor-container elementor-column-gap-default\">\n\t\t\t\t\t<div class=\"elementor-column elementor-col-100 elementor-top-column elementor-element elementor-element-28fa7cd\" data-id=\"28fa7cd\" data-element_type=\"column\" data-e-type=\"column\">\n\t\t\t<div class=\"elementor-widget-wrap\">\n\t\t\t\t\t\t\t<\/div>\n\t\t<\/div>\n\t\t\t\t\t<\/div>\n\t\t<\/section>\n\t\t\t\t<section class=\"elementor-section elementor-top-section elementor-element elementor-element-85616ce elementor-section-boxed elementor-section-height-default elementor-section-height-default\" data-id=\"85616ce\" data-element_type=\"section\" data-e-type=\"section\">\n\t\t\t\t\t\t<div class=\"elementor-container elementor-column-gap-no\">\n\t\t\t\t\t<div class=\"elementor-column elementor-col-50 elementor-top-column elementor-element elementor-element-20a3cd8\" data-id=\"20a3cd8\" data-element_type=\"column\" data-e-type=\"column\">\n\t\t\t<div class=\"elementor-widget-wrap elementor-element-populated\">\n\t\t\t\t\t\t<div class=\"elementor-element elementor-element-771b304 elementor-widget elementor-widget-image\" data-id=\"771b304\" data-element_type=\"widget\" data-e-type=\"widget\" data-widget_type=\"image.default\">\n\t\t\t\t<div class=\"elementor-widget-container\">\n\t\t\t\t\t\t\t\t\t\t\t\t\t\t\t<img fetchpriority=\"high\" decoding=\"async\" width=\"300\" height=\"300\" src=\"https:\/\/vickyortizdogtraining.com\/wp-content\/uploads\/2021\/07\/basic-training-dog-300x300.jpg\" class=\"attachment-medium size-medium wp-image-6827\" alt=\"\" srcset=\"https:\/\/vickyortizdogtraining.com\/wp-content\/uploads\/2021\/07\/basic-training-dog-300x300.jpg 300w, https:\/\/vickyortizdogtraining.com\/wp-content\/uploads\/2021\/07\/basic-training-dog-150x150.jpg 150w, https:\/\/vickyortizdogtraining.com\/wp-content\/uploads\/2021\/07\/basic-training-dog.jpg 432w\" sizes=\"(max-width: 300px) 100vw, 300px\" \/>\t\t\t\t\t\t\t\t\t\t\t\t\t\t\t<\/div>\n\t\t\t\t<\/div>\n\t\t\t\t\t<\/div>\n\t\t<\/div>\n\t\t\t\t<div class=\"elementor-column elementor-col-50 elementor-top-column elementor-element elementor-element-72c233a\" data-id=\"72c233a\" data-element_type=\"column\" data-e-type=\"column\">\n\t\t\t<div class=\"elementor-widget-wrap elementor-element-populated\">\n\t\t\t\t\t\t<div class=\"elementor-element elementor-element-2537f55 elementor-widget elementor-widget-heading\" data-id=\"2537f55\" data-element_type=\"widget\" data-e-type=\"widget\" data-widget_type=\"heading.default\">\n\t\t\t\t<div class=\"elementor-widget-container\">\n\t\t\t\t\t<h3 class=\"elementor-heading-title elementor-size-default\">Entrenamiento B\u00e1sico<\/h3>\t\t\t\t<\/div>\n\t\t\t\t<\/div>\n\t\t\t\t<div class=\"elementor-element elementor-element-2db4f9a elementor-widget elementor-widget-text-editor\" data-id=\"2db4f9a\" data-element_type=\"widget\" data-e-type=\"widget\" data-widget_type=\"text-editor.default\">\n\t\t\t\t<div class=\"elementor-widget-container\">\n\t\t\t\t\t\t\t\t\t<p>En Vicky Ortiz Dog Training, creemos que el verdadero \u00e9xito en el entrenamiento comienza con la comprensi\u00f3n.<\/p>\n<p>Por supuesto, tu perro aprender\u00e1 se\u00f1ales b\u00e1sicas como sentarse, tumbarse, quedarse quieto, ir a su sitio y venir, pero nuestro objetivo principal va mucho m\u00e1s all\u00e1.<\/p>\n<p>Nuestra misi\u00f3n es ayudarte a construir una relaci\u00f3n de confianza con tu perro ense\u00f1\u00e1ndote a comprender su lenguaje corporal, energ\u00eda y se\u00f1ales emocionales. Cuando el v\u00ednculo es fuerte, tu perro puede responder a las se\u00f1ales de forma natural, incluso en diferentes entornos y situaciones.<\/p>\n<p>Este programa est\u00e1 dise\u00f1ado para perros de cuatro meses en adelante e incluye una serie de sesiones personalizadas de una hora, adaptadas a las necesidades de tu perro y a tus objetivos como tutor.<\/p>\n<p>Tambi\u00e9n aprender\u00e1s a pasear con tu perro con calma y equilibrio, sin tirar de la correa, cruzar de un lado a otro ni recoger objetos del suelo. Te guiamos paso a paso para que te sientas seguro al aplicar estas habilidades en tu vida diaria.<\/p>\n<p>Es m\u00e1s que un simple entrenamiento canino: es comunicaci\u00f3n, conexi\u00f3n y crecimiento para ambos.<\/p>\n\t\t\t\t\t\t\t\t<\/div>\n\t\t\t\t<\/div>\n\t\t\t\t\t<\/div>\n\t\t<\/div>\n\t\t\t\t\t<\/div>\n\t\t<\/section>\n\t\t\t\t<section class=\"elementor-section elementor-top-section elementor-element elementor-element-5497e66 elementor-section-boxed elementor-section-height-default elementor-section-height-default\" data-id=\"5497e66\" data-element_type=\"section\" data-e-type=\"section\" data-settings=\"{&quot;background_background&quot;:&quot;classic&quot;}\">\n\t\t\t\t\t\t<div class=\"elementor-container elementor-column-gap-default\">\n\t\t\t\t\t<div class=\"elementor-column elementor-col-25 elementor-top-column elementor-element elementor-element-aa2db4f\" data-id=\"aa2db4f\" data-element_type=\"column\" data-e-type=\"column\">\n\t\t\t<div class=\"elementor-widget-wrap elementor-element-populated\">\n\t\t\t\t\t\t<div class=\"elementor-element elementor-element-e8bf863 elementor-widget elementor-widget-image\" data-id=\"e8bf863\" data-element_type=\"widget\" data-e-type=\"widget\" data-widget_type=\"image.default\">\n\t\t\t\t<div class=\"elementor-widget-container\">\n\t\t\t\t\t\t\t\t\t\t\t\t\t\t\t<img decoding=\"async\" width=\"415\" height=\"538\" src=\"https:\/\/vickyortizdogtraining.com\/wp-content\/uploads\/2021\/07\/training-lab-dog-1-e1626640475341.jpg\" class=\"attachment-medium_large size-medium_large wp-image-6957\" alt=\"\" \/>\t\t\t\t\t\t\t\t\t\t\t\t\t\t\t<\/div>\n\t\t\t\t<\/div>\n\t\t\t\t\t<\/div>\n\t\t<\/div>\n\t\t\t\t<div class=\"elementor-column elementor-col-50 elementor-top-column elementor-element elementor-element-040006f\" data-id=\"040006f\" data-element_type=\"column\" data-e-type=\"column\">\n\t\t\t<div class=\"elementor-widget-wrap elementor-element-populated\">\n\t\t\t\t\t\t<div class=\"elementor-element elementor-element-7a2eec1 elementor-widget elementor-widget-image\" data-id=\"7a2eec1\" data-element_type=\"widget\" data-e-type=\"widget\" data-widget_type=\"image.default\">\n\t\t\t\t<div class=\"elementor-widget-container\">\n\t\t\t\t\t\t\t\t\t\t\t\t\t\t\t<img decoding=\"async\" width=\"600\" height=\"383\" src=\"https:\/\/vickyortizdogtraining.com\/wp-content\/uploads\/2021\/07\/dog-playing-1-e1626645309989.jpg\" class=\"attachment-medium_large size-medium_large wp-image-7005\" alt=\"\" \/>\t\t\t\t\t\t\t\t\t\t\t\t\t\t\t<\/div>\n\t\t\t\t<\/div>\n\t\t\t\t\t<\/div>\n\t\t<\/div>\n\t\t\t\t<div class=\"elementor-column elementor-col-25 elementor-top-column elementor-element elementor-element-f7bc664\" data-id=\"f7bc664\" data-element_type=\"column\" data-e-type=\"column\">\n\t\t\t<div class=\"elementor-widget-wrap elementor-element-populated\">\n\t\t\t\t\t\t<div class=\"elementor-element elementor-element-f9cf7a2 elementor-widget elementor-widget-image\" data-id=\"f9cf7a2\" data-element_type=\"widget\" data-e-type=\"widget\" data-widget_type=\"image.default\">\n\t\t\t\t<div class=\"elementor-widget-container\">\n\t\t\t\t\t\t\t\t\t\t\t\t\t\t\t<img loading=\"lazy\" decoding=\"async\" width=\"394\" height=\"521\" src=\"https:\/\/vickyortizdogtraining.com\/wp-content\/uploads\/2021\/07\/ef6fb372-7f70-46e7-92b7-b8d585f50ee5-e1626645200173.jpg\" class=\"attachment-medium_large size-medium_large wp-image-6915\" alt=\"\" srcset=\"https:\/\/vickyortizdogtraining.com\/wp-content\/uploads\/2021\/07\/ef6fb372-7f70-46e7-92b7-b8d585f50ee5-e1626645200173.jpg 394w, https:\/\/vickyortizdogtraining.com\/wp-content\/uploads\/2021\/07\/ef6fb372-7f70-46e7-92b7-b8d585f50ee5-e1626645200173-227x300.jpg 227w\" sizes=\"(max-width: 394px) 100vw, 394px\" \/>\t\t\t\t\t\t\t\t\t\t\t\t\t\t\t<\/div>\n\t\t\t\t<\/div>\n\t\t\t\t\t<\/div>\n\t\t<\/div>\n\t\t\t\t\t<\/div>\n\t\t<\/section>\n\t\t\t\t<section class=\"elementor-section elementor-top-section elementor-element elementor-element-28bb2d8 elementor-section-boxed elementor-section-height-default elementor-section-height-default\" data-id=\"28bb2d8\" data-element_type=\"section\" data-e-type=\"section\">\n\t\t\t\t\t\t<div class=\"elementor-container elementor-column-gap-default\">\n\t\t\t\t\t<div class=\"elementor-column elementor-col-100 elementor-top-column elementor-element elementor-element-2c1f3f2\" data-id=\"2c1f3f2\" data-element_type=\"column\" data-e-type=\"column\">\n\t\t\t<div class=\"elementor-widget-wrap elementor-element-populated\">\n\t\t\t\t\t\t<div class=\"elementor-element elementor-element-9419837 elementor-align-justify elementor-widget elementor-widget-button\" data-id=\"9419837\" data-element_type=\"widget\" data-e-type=\"widget\" data-widget_type=\"button.default\">\n\t\t\t\t<div class=\"elementor-widget-container\">\n\t\t\t\t\t\t\t\t\t<div class=\"elementor-button-wrapper\">\n\t\t\t\t\t<a class=\"elementor-button elementor-button-link elementor-size-sm\" href=\"https:\/\/vickyortizdogtraining.com\/es\/servicios\/\">\n\t\t\t\t\t\t<span class=\"elementor-button-content-wrapper\">\n\t\t\t\t\t\t\t\t\t<span class=\"elementor-button-text\">VOLVER A SERVICIOS<\/span>\n\t\t\t\t\t<\/span>\n\t\t\t\t\t<\/a>\n\t\t\t\t<\/div>\n\t\t\t\t\t\t\t\t<\/div>\n\t\t\t\t<\/div>\n\t\t\t\t\t<\/div>\n\t\t<\/div>\n\t\t\t\t\t<\/div>\n\t\t<\/section>\n\t\t\t\t<\/div>\n\t\t","protected":false},"excerpt":{"rendered":"<p>Entrenamiento B\u00e1sico En Vicky Ortiz Dog Training, creemos que el verdadero \u00e9xito en el entrenamiento comienza con la comprensi\u00f3n. Por supuesto, tu perro aprender\u00e1 se\u00f1ales b\u00e1sicas como sentarse, tumbarse, quedarse quieto, ir a su sitio y venir, pero nuestro objetivo principal va mucho m\u00e1s all\u00e1. Nuestra misi\u00f3n es ayudarte a construir una relaci\u00f3n de confianza [&hellip;]<\/p>\n","protected":false},"author":1,"featured_media":0,"parent":559,"menu_order":1,"comment_status":"closed","ping_status":"closed","template":"","meta":{"site-sidebar-layout":"no-sidebar","site-content-layout":"page-builder","ast-site-content-layout":"full-width-container","site-content-style":"unboxed","site-sidebar-style":"unboxed","ast-global-header-display":"","ast-banner-title-visibility":"","ast-main-header-display":"","ast-hfb-above-header-display":"","ast-hfb-below-header-display":"","ast-hfb-mobile-header-display":"","site-post-title":"disabled","ast-breadcrumbs-content":"disabled","ast-featured-img":"disabled","footer-sml-layout":"","ast-disable-related-posts":"","theme-transparent-header-meta":"enabled","adv-header-id-meta":"","stick-header-meta":"","header-above-stick-meta":"","header-main-stick-meta":"","header-below-stick-meta":"","astra-migrate-meta-layouts":"set","ast-page-background-enabled":"default","ast-page-background-meta":{"desktop":{"background-color":"var(--ast-global-color-4)","background-image":"","background-repeat":"repeat","background-position":"center center","background-size":"auto","background-attachment":"scroll","background-type":"","background-media":"","overlay-type":"","overlay-color":"","overlay-opacity":"","overlay-gradient":""},"tablet":{"background-color":"","background-image":"","background-repeat":"repeat","background-position":"center center","background-size":"auto","background-attachment":"scroll","background-type":"","background-media":"","overlay-type":"","overlay-color":"","overlay-opacity":"","overlay-gradient":""},"mobile":{"background-color":"","background-image":"","background-repeat":"repeat","background-position":"center center","background-size":"auto","background-attachment":"scroll","background-type":"","background-media":"","overlay-type":"","overlay-color":"","overlay-opacity":"","overlay-gradient":""}},"ast-content-background-meta":{"desktop":{"background-color":"var(--ast-global-color-5)","background-image":"","background-repeat":"repeat","background-position":"center center","background-size":"auto","background-attachment":"scroll","background-type":"","background-media":"","overlay-type":"","overlay-color":"","overlay-opacity":"","overlay-gradient":""},"tablet":{"background-color":"var(--ast-global-color-5)","background-image":"","background-repeat":"repeat","background-position":"center center","background-size":"auto","background-attachment":"scroll","background-type":"","background-media":"","overlay-type":"","overlay-color":"","overlay-opacity":"","overlay-gradient":""},"mobile":{"background-color":"var(--ast-global-color-5)","background-image":"","background-repeat":"repeat","background-position":"center center","background-size":"auto","background-attachment":"scroll","background-type":"","background-media":"","overlay-type":"","overlay-color":"","overlay-opacity":"","overlay-gradient":""}},"footnotes":""},"class_list":["post-547","page","type-page","status-publish","hentry"],"_links":{"self":[{"href":"https:\/\/vickyortizdogtraining.com\/es\/wp-json\/wp\/v2\/pages\/547","targetHints":{"allow":["GET"]}}],"collection":[{"href":"https:\/\/vickyortizdogtraining.com\/es\/wp-json\/wp\/v2\/pages"}],"about":[{"href":"https:\/\/vickyortizdogtraining.com\/es\/wp-json\/wp\/v2\/types\/page"}],"author":[{"embeddable":true,"href":"https:\/\/vickyortizdogtraining.com\/es\/wp-json\/wp\/v2\/users\/1"}],"replies":[{"embeddable":true,"href":"https:\/\/vickyortizdogtraining.com\/es\/wp-json\/wp\/v2\/comments?post=547"}],"version-history":[{"count":38,"href":"https:\/\/vickyortizdogtraining.com\/es\/wp-json\/wp\/v2\/pages\/547\/revisions"}],"predecessor-version":[{"id":8369,"href":"https:\/\/vickyortizdogtraining.com\/es\/wp-json\/wp\/v2\/pages\/547\/revisions\/8369"}],"up":[{"embeddable":true,"href":"https:\/\/vickyortizdogtraining.com\/es\/wp-json\/wp\/v2\/pages\/559"}],"wp:attachment":[{"href":"https:\/\/vickyortizdogtraining.com\/es\/wp-json\/wp\/v2\/media?parent=547"}],"curies":[{"name":"wp","href":"https:\/\/api.w.org\/{rel}","templated":true}]}}