{"id":2105,"date":"2020-03-31T22:33:19","date_gmt":"2020-03-31T22:33:19","guid":{"rendered":"http:\/\/vickyortizdogtraining.com\/?page_id=2105\/"},"modified":"2025-06-16T21:57:17","modified_gmt":"2025-06-16T21:57:17","slug":"quien-soy","status":"publish","type":"page","link":"https:\/\/vickyortizdogtraining.com\/es\/quien-soy\/","title":{"rendered":"Qui\u00e9n Soy"},"content":{"rendered":"\t\t<div data-elementor-type=\"wp-post\" data-elementor-id=\"2105\" class=\"elementor elementor-2105 elementor-29\" data-elementor-post-type=\"page\">\n\t\t\t\t\t\t<section class=\"elementor-section elementor-top-section elementor-element elementor-element-a9c2566 elementor-section-full_width elementor-section-stretched elementor-section-height-min-height elementor-section-height-default elementor-section-items-middle\" data-id=\"a9c2566\" data-element_type=\"section\" data-e-type=\"section\" data-settings=\"{&quot;background_background&quot;:&quot;classic&quot;,&quot;stretch_section&quot;:&quot;section-stretched&quot;}\">\n\t\t\t\t\t\t\t<div class=\"elementor-background-overlay\"><\/div>\n\t\t\t\t\t\t\t<div class=\"elementor-container elementor-column-gap-default\">\n\t\t\t\t\t<div class=\"elementor-column elementor-col-100 elementor-top-column elementor-element elementor-element-36a5d59\" data-id=\"36a5d59\" data-element_type=\"column\" data-e-type=\"column\">\n\t\t\t<div class=\"elementor-widget-wrap\">\n\t\t\t\t\t\t\t<\/div>\n\t\t<\/div>\n\t\t\t\t\t<\/div>\n\t\t<\/section>\n\t\t\t\t<section class=\"elementor-section elementor-top-section elementor-element elementor-element-cbaf2c4 elementor-section-stretched elementor-section-full_width elementor-section-height-default elementor-section-height-default\" data-id=\"cbaf2c4\" data-element_type=\"section\" data-e-type=\"section\" data-settings=\"{&quot;stretch_section&quot;:&quot;section-stretched&quot;,&quot;background_background&quot;:&quot;classic&quot;}\">\n\t\t\t\t\t\t<div class=\"elementor-container elementor-column-gap-default\">\n\t\t\t\t\t<div class=\"elementor-column elementor-col-100 elementor-top-column elementor-element elementor-element-1d2e2f8\" data-id=\"1d2e2f8\" data-element_type=\"column\" data-e-type=\"column\">\n\t\t\t<div class=\"elementor-widget-wrap elementor-element-populated\">\n\t\t\t\t\t\t<div class=\"elementor-element elementor-element-9a6cea8 elementor-widget elementor-widget-heading\" data-id=\"9a6cea8\" data-element_type=\"widget\" data-e-type=\"widget\" data-widget_type=\"heading.default\">\n\t\t\t\t<div class=\"elementor-widget-container\">\n\t\t\t\t\t<h2 class=\"elementor-heading-title elementor-size-default\">Acerca de Vicky<\/h2>\t\t\t\t<\/div>\n\t\t\t\t<\/div>\n\t\t\t\t\t<\/div>\n\t\t<\/div>\n\t\t\t\t\t<\/div>\n\t\t<\/section>\n\t\t\t\t<section class=\"elementor-section elementor-top-section elementor-element elementor-element-f09ec10 elementor-section-boxed elementor-section-height-default elementor-section-height-default\" data-id=\"f09ec10\" data-element_type=\"section\" data-e-type=\"section\">\n\t\t\t\t\t\t<div class=\"elementor-container elementor-column-gap-default\">\n\t\t\t\t\t<div class=\"elementor-column elementor-col-50 elementor-top-column elementor-element elementor-element-d8d32db\" data-id=\"d8d32db\" data-element_type=\"column\" data-e-type=\"column\">\n\t\t\t<div class=\"elementor-widget-wrap elementor-element-populated\">\n\t\t\t\t\t\t<div class=\"elementor-element elementor-element-4c47667 elementor-widget elementor-widget-heading\" data-id=\"4c47667\" data-element_type=\"widget\" data-e-type=\"widget\" data-widget_type=\"heading.default\">\n\t\t\t\t<div class=\"elementor-widget-container\">\n\t\t\t\t\t<h3 class=\"elementor-heading-title elementor-size-default\">BIOGRAF\u00cdA<\/h3>\t\t\t\t<\/div>\n\t\t\t\t<\/div>\n\t\t\t\t<div class=\"elementor-element elementor-element-302a583 elementor-widget elementor-widget-heading\" data-id=\"302a583\" data-element_type=\"widget\" data-e-type=\"widget\" data-widget_type=\"heading.default\">\n\t\t\t\t<div class=\"elementor-widget-container\">\n\t\t\t\t\t<h2 class=\"elementor-heading-title elementor-size-default\">Construyendo puentes entre las personas y los perros, una pata a la vez.<\/h2>\t\t\t\t<\/div>\n\t\t\t\t<\/div>\n\t\t\t\t<div class=\"elementor-element elementor-element-bf87cbb elementor-widget elementor-widget-image\" data-id=\"bf87cbb\" data-element_type=\"widget\" data-e-type=\"widget\" data-widget_type=\"image.default\">\n\t\t\t\t<div class=\"elementor-widget-container\">\n\t\t\t\t\t\t\t\t\t\t\t\t\t\t\t<img fetchpriority=\"high\" decoding=\"async\" width=\"604\" height=\"571\" src=\"https:\/\/vickyortizdogtraining.com\/wp-content\/uploads\/2017\/01\/vi-mas-whisky-copy.jpg\" class=\"attachment-large size-large wp-image-2227\" alt=\"\" srcset=\"https:\/\/vickyortizdogtraining.com\/wp-content\/uploads\/2017\/01\/vi-mas-whisky-copy.jpg 604w, https:\/\/vickyortizdogtraining.com\/wp-content\/uploads\/2017\/01\/vi-mas-whisky-copy-300x284.jpg 300w\" sizes=\"(max-width: 604px) 100vw, 604px\" \/>\t\t\t\t\t\t\t\t\t\t\t\t\t\t\t<\/div>\n\t\t\t\t<\/div>\n\t\t\t\t<div class=\"elementor-element elementor-element-2284e24 elementor-widget elementor-widget-text-editor\" data-id=\"2284e24\" data-element_type=\"widget\" data-e-type=\"widget\" data-widget_type=\"text-editor.default\">\n\t\t\t\t<div class=\"elementor-widget-container\">\n\t\t\t\t\t\t\t\t\t<p>Vicky Ortiz es m\u00e1s que una entrenadora de perros: es una apasionada por conectar corazones. Nacida en Ecuador y bi\u00f3loga de formaci\u00f3n, Vicky ha sentido un profundo e intuitivo v\u00ednculo con los animales desde peque\u00f1a. Desde peque\u00f1a, so\u00f1aba con cuidar perros y comunicarse verdaderamente con ellos.<\/p>\n<p>En 2008, se adentr\u00f3 de lleno en el mundo canino, dedic\u00e1ndose al estudio de la etolog\u00eda, el comportamiento y la educaci\u00f3n canina positiva. Entren\u00f3 intensivamente en Ecuador, Colombia y Chile, aprendiendo de los mejores profesionales de Latinoam\u00e9rica. En 2009, obtuvo la prestigiosa Certificaci\u00f3n Internacional en Terapia Asistida con Animales de la Universidad Mayor de Santiago de Chile a trav\u00e9s de la Fundaci\u00f3n Bocal\u00e1n, uno de los programas m\u00e1s prestigiosos en su campo.<\/p>\n<p>Ese mismo a\u00f1o, hizo realidad su sue\u00f1o y fund\u00f3 Mano Amiga \u2013 Dejando Huella, su primer negocio de adiestramiento canino en Quito y Cuenca, Ecuador. Con amor y experiencia, entren\u00f3 a m\u00e1s de 60 perros de todas las razas y edades. Tambi\u00e9n contribuy\u00f3 a su comunidad colaborando como voluntaria con sus perros en programas de terapia infantil y ofreciendo apoyo emocional en centros educativos. Su trabajo atrajo la atenci\u00f3n de los medios nacionales, lo que le vali\u00f3 entrevistas e invitaciones a seminarios en todo el pa\u00eds.<\/p>\n<p>En 2013, Vicky traslad\u00f3 su misi\u00f3n a Estados Unidos y se estableci\u00f3 en Jersey City, Nueva Jersey, donde continu\u00f3 su trayectoria. Sus dos queridos labradores, N\u00faa y Bono, se convirtieron en perros de servicio certificados y fieles compa\u00f1eros en su trabajo. Juntos, ofrecieron consuelo y conexi\u00f3n a personas mayores, ni\u00f1os con discapacidades, estudiantes con estr\u00e9s acad\u00e9mico y viajeros en aeropuertos a trav\u00e9s de Creature Comfort Pet Therapy.<\/p>\n<p>En 2015, Vicky se gradu\u00f3 de la Academia de Negocios Comunitarios Rising Tide Capital, adquiriendo las herramientas para abrir Vicky Ortiz Dog Training &amp; Pet Services, un negocio basado en la empat\u00eda, el respeto y la fuerza del v\u00ednculo entre humanos y perros.<\/p>\n<p>Despu\u00e9s de muchos a\u00f1os de aventuras compartidas, Vicky experiment\u00f3 la desgarradora p\u00e9rdida de N\u00faa y Bono. Ese profundo dolor abri\u00f3 un nuevo camino en su misi\u00f3n: apoyar a otros en el proceso emocional de perder a un compa\u00f1ero querido. Hoy, adem\u00e1s de continuar su formaci\u00f3n en \u00e1reas avanzadas de adiestramiento canino, Vicky se certifica como doula de duelo para la p\u00e9rdida de mascotas. Su objetivo es brindar espacio a los tutores durante el adiestramiento y el crecimiento, as\u00ed como a trav\u00e9s del duelo y el recuerdo.<\/p>\n<p>Vicky dirige cada sesi\u00f3n con coraz\u00f3n, ciencia e intenci\u00f3n. Su don no solo reside en ayudar a los perros a aprender, sino tambi\u00e9n en ayudar a las personas a conectar, comprender y acompa\u00f1ar a sus compa\u00f1eros en cada paso de la vida. Para ella, el adiestramiento no se trata solo de dar se\u00f1ales, sino de construir una relaci\u00f3n que perdure en el amor, el recuerdo y la presencia.<\/p>\n\t\t\t\t\t\t\t\t<\/div>\n\t\t\t\t<\/div>\n\t\t\t\t\t<\/div>\n\t\t<\/div>\n\t\t\t\t<div class=\"elementor-column elementor-col-50 elementor-top-column elementor-element elementor-element-c2f859d\" data-id=\"c2f859d\" data-element_type=\"column\" data-e-type=\"column\">\n\t\t\t<div class=\"elementor-widget-wrap elementor-element-populated\">\n\t\t\t\t\t\t<div class=\"elementor-element elementor-element-5583f07 elementor-widget elementor-widget-heading\" data-id=\"5583f07\" data-element_type=\"widget\" data-e-type=\"widget\" data-widget_type=\"heading.default\">\n\t\t\t\t<div class=\"elementor-widget-container\">\n\t\t\t\t\t<h3 class=\"elementor-heading-title elementor-size-default\">Nuestra filosof\u00eda<\/h3>\t\t\t\t<\/div>\n\t\t\t\t<\/div>\n\t\t\t\t<div class=\"elementor-element elementor-element-5d70c88 elementor-widget elementor-widget-text-editor\" data-id=\"5d70c88\" data-element_type=\"widget\" data-e-type=\"widget\" data-widget_type=\"text-editor.default\">\n\t\t\t\t<div class=\"elementor-widget-container\">\n\t\t\t\t\t\t\t\t\t<p>En <strong>Vicky Ortiz Dog Training &amp; Pet Services<\/strong>, creemos que los perros son parte de la familia. Los seres sintientes merecen amor, respeto y el derecho a una vida llena de cuidado, dignidad y bienestar emocional. Todo perro tiene derecho a vivir libre de maltrato y abandono, a recibir una educaci\u00f3n adecuada, a sentirse seguro y a ser profundamente amado.<\/p>\n<p>Nuestra misi\u00f3n es ayudar a los due\u00f1os a fortalecer el v\u00ednculo con sus perros para que puedan comprenderse, comunicarse con empat\u00eda y prosperar juntos como una familia multiespecie. Creemos que cuando se fomenta esta conexi\u00f3n, todos en el hogar, tanto humanos como perros, se benefician de una mayor armon\u00eda, confianza y bienestar.<\/p>\n<p>Nos comprometemos a utilizar m\u00e9todos amables, respetuosos y con base cient\u00edfica para educar a los perros sin forzarlos ni intimidarlos. Cada perro es \u00fanico y cada relaci\u00f3n es diferente. Por eso, dise\u00f1amos cada programa para que se adapte a las necesidades espec\u00edficas del perro y del due\u00f1o, creando un camino personalizado hacia el crecimiento basado en su ritmo, personalidad y objetivos compartidos.<\/p>\n<p>Porque para nosotros, la educaci\u00f3n canina no se trata de control: se trata de comprensi\u00f3n, conexi\u00f3n y compa\u00f1erismo para toda la vida.<\/p>\n\t\t\t\t\t\t\t\t<\/div>\n\t\t\t\t<\/div>\n\t\t\t\t<div class=\"elementor-element elementor-element-7a7eda4 elementor-widget elementor-widget-image\" data-id=\"7a7eda4\" data-element_type=\"widget\" data-e-type=\"widget\" data-widget_type=\"image.default\">\n\t\t\t\t<div class=\"elementor-widget-container\">\n\t\t\t\t\t\t\t\t\t\t\t\t\t\t\t<img decoding=\"async\" width=\"625\" height=\"727\" src=\"https:\/\/vickyortizdogtraining.com\/wp-content\/uploads\/2017\/01\/vi-con-pelusa-copy.jpg\" class=\"attachment-large size-large wp-image-2228\" alt=\"\" srcset=\"https:\/\/vickyortizdogtraining.com\/wp-content\/uploads\/2017\/01\/vi-con-pelusa-copy.jpg 625w, https:\/\/vickyortizdogtraining.com\/wp-content\/uploads\/2017\/01\/vi-con-pelusa-copy-258x300.jpg 258w\" sizes=\"(max-width: 625px) 100vw, 625px\" \/>\t\t\t\t\t\t\t\t\t\t\t\t\t\t\t<\/div>\n\t\t\t\t<\/div>\n\t\t\t\t\t<\/div>\n\t\t<\/div>\n\t\t\t\t\t<\/div>\n\t\t<\/section>\n\t\t\t\t<\/div>\n\t\t","protected":false},"excerpt":{"rendered":"<p>Acerca de Vicky BIOGRAF\u00cdA Construyendo puentes entre las personas y los perros, una pata a la vez. Vicky Ortiz es m\u00e1s que una entrenadora de perros: es una apasionada por conectar corazones. Nacida en Ecuador y bi\u00f3loga de formaci\u00f3n, Vicky ha sentido un profundo e intuitivo v\u00ednculo con los animales desde peque\u00f1a. Desde peque\u00f1a, so\u00f1aba [&hellip;]<\/p>\n","protected":false},"author":1,"featured_media":0,"parent":0,"menu_order":2,"comment_status":"closed","ping_status":"closed","template":"elementor_header_footer","meta":{"site-sidebar-layout":"no-sidebar","site-content-layout":"page-builder","ast-site-content-layout":"full-width-container","site-content-style":"unboxed","site-sidebar-style":"unboxed","ast-global-header-display":"","ast-banner-title-visibility":"","ast-main-header-display":"","ast-hfb-above-header-display":"","ast-hfb-below-header-display":"","ast-hfb-mobile-header-display":"","site-post-title":"disabled","ast-breadcrumbs-content":"disabled","ast-featured-img":"disabled","footer-sml-layout":"","ast-disable-related-posts":"","theme-transparent-header-meta":"enabled","adv-header-id-meta":"","stick-header-meta":"","header-above-stick-meta":"","header-main-stick-meta":"","header-below-stick-meta":"","astra-migrate-meta-layouts":"set","ast-page-background-enabled":"default","ast-page-background-meta":{"desktop":{"background-color":"var(--ast-global-color-4)","background-image":"","background-repeat":"repeat","background-position":"center center","background-size":"auto","background-attachment":"scroll","background-type":"","background-media":"","overlay-type":"","overlay-color":"","overlay-opacity":"","overlay-gradient":""},"tablet":{"background-color":"","background-image":"","background-repeat":"repeat","background-position":"center center","background-size":"auto","background-attachment":"scroll","background-type":"","background-media":"","overlay-type":"","overlay-color":"","overlay-opacity":"","overlay-gradient":""},"mobile":{"background-color":"","background-image":"","background-repeat":"repeat","background-position":"center center","background-size":"auto","background-attachment":"scroll","background-type":"","background-media":"","overlay-type":"","overlay-color":"","overlay-opacity":"","overlay-gradient":""}},"ast-content-background-meta":{"desktop":{"background-color":"var(--ast-global-color-5)","background-image":"","background-repeat":"repeat","background-position":"center center","background-size":"auto","background-attachment":"scroll","background-type":"","background-media":"","overlay-type":"","overlay-color":"","overlay-opacity":"","overlay-gradient":""},"tablet":{"background-color":"var(--ast-global-color-5)","background-image":"","background-repeat":"repeat","background-position":"center center","background-size":"auto","background-attachment":"scroll","background-type":"","background-media":"","overlay-type":"","overlay-color":"","overlay-opacity":"","overlay-gradient":""},"mobile":{"background-color":"var(--ast-global-color-5)","background-image":"","background-repeat":"repeat","background-position":"center center","background-size":"auto","background-attachment":"scroll","background-type":"","background-media":"","overlay-type":"","overlay-color":"","overlay-opacity":"","overlay-gradient":""}},"footnotes":""},"class_list":["post-2105","page","type-page","status-publish","hentry"],"_links":{"self":[{"href":"https:\/\/vickyortizdogtraining.com\/es\/wp-json\/wp\/v2\/pages\/2105","targetHints":{"allow":["GET"]}}],"collection":[{"href":"https:\/\/vickyortizdogtraining.com\/es\/wp-json\/wp\/v2\/pages"}],"about":[{"href":"https:\/\/vickyortizdogtraining.com\/es\/wp-json\/wp\/v2\/types\/page"}],"author":[{"embeddable":true,"href":"https:\/\/vickyortizdogtraining.com\/es\/wp-json\/wp\/v2\/users\/1"}],"replies":[{"embeddable":true,"href":"https:\/\/vickyortizdogtraining.com\/es\/wp-json\/wp\/v2\/comments?post=2105"}],"version-history":[{"count":53,"href":"https:\/\/vickyortizdogtraining.com\/es\/wp-json\/wp\/v2\/pages\/2105\/revisions"}],"predecessor-version":[{"id":8367,"href":"https:\/\/vickyortizdogtraining.com\/es\/wp-json\/wp\/v2\/pages\/2105\/revisions\/8367"}],"wp:attachment":[{"href":"https:\/\/vickyortizdogtraining.com\/es\/wp-json\/wp\/v2\/media?parent=2105"}],"curies":[{"name":"wp","href":"https:\/\/api.w.org\/{rel}","templated":true}]}}