{"id":1316,"date":"2017-03-02T19:49:39","date_gmt":"2017-03-02T19:49:39","guid":{"rendered":"http:\/\/vickyortizdogtraining.com\/wp\/?page_id=1316\/"},"modified":"2024-04-23T20:19:49","modified_gmt":"2024-04-24T00:19:49","slug":"fotos-terapia-asistida","status":"publish","type":"page","link":"https:\/\/vickyortizdogtraining.com\/es\/fotos-terapia-asistida\/","title":{"rendered":"Terapia Asistida"},"content":{"rendered":"\t\t<div data-elementor-type=\"wp-page\" data-elementor-id=\"1316\" class=\"elementor elementor-1316 elementor-1232\" data-elementor-post-type=\"page\">\n\t\t\t\t\t\t<section class=\"elementor-section elementor-top-section elementor-element elementor-element-9d62a23 elementor-hidden-desktop elementor-section-boxed elementor-section-height-default elementor-section-height-default\" data-id=\"9d62a23\" data-element_type=\"section\" data-e-type=\"section\">\n\t\t\t\t\t\t<div class=\"elementor-container elementor-column-gap-default\">\n\t\t\t\t\t<div class=\"elementor-column elementor-col-100 elementor-top-column elementor-element elementor-element-d45c31a\" data-id=\"d45c31a\" data-element_type=\"column\" data-e-type=\"column\">\n\t\t\t<div class=\"elementor-widget-wrap elementor-element-populated\">\n\t\t\t\t\t\t\t<\/div>\n\t\t<\/div>\n\t\t\t\t\t<\/div>\n\t\t<\/section>\n\t\t\t\t<section class=\"elementor-section elementor-top-section elementor-element elementor-element-c02bdf5 elementor-section-full_width elementor-section-stretched elementor-section-height-default elementor-section-height-default\" data-id=\"c02bdf5\" data-element_type=\"section\" data-e-type=\"section\" data-settings=\"{&quot;stretch_section&quot;:&quot;section-stretched&quot;,&quot;background_background&quot;:&quot;classic&quot;}\">\n\t\t\t\t\t\t<div class=\"elementor-container elementor-column-gap-default\">\n\t\t\t\t\t<div class=\"elementor-column elementor-col-100 elementor-top-column elementor-element elementor-element-58d445b\" data-id=\"58d445b\" data-element_type=\"column\" data-e-type=\"column\">\n\t\t\t<div class=\"elementor-widget-wrap\">\n\t\t\t\t\t\t\t<\/div>\n\t\t<\/div>\n\t\t\t\t\t<\/div>\n\t\t<\/section>\n\t\t\t\t<section class=\"elementor-section elementor-top-section elementor-element elementor-element-32f0dde elementor-section-boxed elementor-section-height-default elementor-section-height-default\" data-id=\"32f0dde\" data-element_type=\"section\" data-e-type=\"section\" data-settings=\"{&quot;background_background&quot;:&quot;classic&quot;}\">\n\t\t\t\t\t\t<div class=\"elementor-container elementor-column-gap-default\">\n\t\t\t\t\t<div class=\"elementor-column elementor-col-100 elementor-top-column elementor-element elementor-element-5a5d732\" data-id=\"5a5d732\" data-element_type=\"column\" data-e-type=\"column\">\n\t\t\t<div class=\"elementor-widget-wrap elementor-element-populated\">\n\t\t\t\t\t\t<div class=\"elementor-element elementor-element-5283447 elementor-widget elementor-widget-heading\" data-id=\"5283447\" data-element_type=\"widget\" data-e-type=\"widget\" data-widget_type=\"heading.default\">\n\t\t\t\t<div class=\"elementor-widget-container\">\n\t\t\t\t\t<h2 class=\"elementor-heading-title elementor-size-default\">Terapia Asistida<\/h2>\t\t\t\t<\/div>\n\t\t\t\t<\/div>\n\t\t\t\t\t<\/div>\n\t\t<\/div>\n\t\t\t\t\t<\/div>\n\t\t<\/section>\n\t\t\t\t<section class=\"elementor-section elementor-top-section elementor-element elementor-element-93de927 elementor-section-content-middle elementor-section-boxed elementor-section-height-default elementor-section-height-default\" data-id=\"93de927\" data-element_type=\"section\" data-e-type=\"section\">\n\t\t\t\t\t\t<div class=\"elementor-container elementor-column-gap-default\">\n\t\t\t\t\t<div class=\"elementor-column elementor-col-33 elementor-top-column elementor-element elementor-element-4ec810a\" data-id=\"4ec810a\" data-element_type=\"column\" data-e-type=\"column\">\n\t\t\t<div class=\"elementor-widget-wrap elementor-element-populated\">\n\t\t\t\t\t\t<div class=\"elementor-element elementor-element-3f7b05d elementor-widget elementor-widget-image\" data-id=\"3f7b05d\" data-element_type=\"widget\" data-e-type=\"widget\" data-widget_type=\"image.default\">\n\t\t\t\t<div class=\"elementor-widget-container\">\n\t\t\t\t\t\t\t\t\t\t\t\t\t\t\t<img fetchpriority=\"high\" decoding=\"async\" width=\"300\" height=\"300\" src=\"https:\/\/vickyortizdogtraining.com\/wp-content\/uploads\/2021\/07\/dog-therapy-300x300.jpg\" class=\"attachment-medium size-medium wp-image-7221\" alt=\"\" srcset=\"https:\/\/vickyortizdogtraining.com\/wp-content\/uploads\/2021\/07\/dog-therapy-300x300.jpg 300w, https:\/\/vickyortizdogtraining.com\/wp-content\/uploads\/2021\/07\/dog-therapy-150x150.jpg 150w, https:\/\/vickyortizdogtraining.com\/wp-content\/uploads\/2021\/07\/dog-therapy.jpg 598w\" sizes=\"(max-width: 300px) 100vw, 300px\" \/>\t\t\t\t\t\t\t\t\t\t\t\t\t\t\t<\/div>\n\t\t\t\t<\/div>\n\t\t\t\t\t<\/div>\n\t\t<\/div>\n\t\t\t\t<div class=\"elementor-column elementor-col-66 elementor-top-column elementor-element elementor-element-1ae23b7\" data-id=\"1ae23b7\" data-element_type=\"column\" data-e-type=\"column\">\n\t\t\t<div class=\"elementor-widget-wrap elementor-element-populated\">\n\t\t\t\t\t\t<div class=\"elementor-element elementor-element-06b0186 elementor-widget elementor-widget-text-editor\" data-id=\"06b0186\" data-element_type=\"widget\" data-e-type=\"widget\" data-widget_type=\"text-editor.default\">\n\t\t\t\t<div class=\"elementor-widget-container\">\n\t\t\t\t\t\t\t\t\t<p><span style=\"font-size: 16px; font-style: normal; text-align: justify;\">En el 2009 Vicky realiz\u00f3 un \u201cDiplomado Internacional en Terapia Asistida por Animales\u201d en\u00a0<\/span><a style=\"font-size: 16px; font-style: normal; text-align: justify;\" href=\"http:\/\/www.umayor.cl\/um\/\" target=\"_blank\" rel=\"noopener\">la Universidad Mayor de Santiago de Chile<\/a><span style=\"font-size: 16px; font-style: normal; text-align: justify;\">\u00a0con la\u00a0<\/span><a style=\"font-size: 16px; font-style: normal; text-align: justify;\" href=\"https:\/\/bocalan.eu\/formacion-bocalan\/\" target=\"_blank\" rel=\"noopener\">Fundaci\u00f3n Bocal\u00e1n<\/a>.<\/p><p><span style=\"font-size: 16px; font-style: normal; text-align: justify;\">Desde el 2016, Vicky y sus perros han realizado voluntariado para\u00a0<\/span><a style=\"font-size: 16px; font-style: normal; text-align: justify;\" href=\"http:\/\/www.ccpettherapy.org\/\" target=\"_blank\" rel=\"noopener\">Creature Comfort Pet Therapy<\/a><span style=\"font-size: 16px; font-style: normal; text-align: justify;\">\u00a0y han asistido en varios centros de adultos mayores y en centros de j\u00f3venes con distintas discapacidades. Adicionalmente, Vicky y sus perros han asistido a estudiantes en universidades en \u00e9poca de ex\u00e1menes y a viajeros en aeropuertos ayud\u00e1ndolos en situaciones de estr\u00e9s.<\/span><\/p><p><span style=\"font-size: 16px; font-style: normal; text-align: justify;\">Adem\u00e1s trabaj\u00f3 como voluntaria con sus perros en el Instituto Educativo Psicoterapeutico de los ni\u00f1os en Quito realizando terapias asistidas para ni\u00f1os y j\u00f3venes con distintas discapacidades.<\/span><span style=\"font-size: 16px; font-style: normal; text-align: justify;\"><br \/><\/span><\/p>\t\t\t\t\t\t\t\t<\/div>\n\t\t\t\t<\/div>\n\t\t\t\t\t<\/div>\n\t\t<\/div>\n\t\t\t\t\t<\/div>\n\t\t<\/section>\n\t\t\t\t<section class=\"elementor-section elementor-top-section elementor-element elementor-element-a42f898 elementor-section-stretched elementor-section-boxed elementor-section-height-default elementor-section-height-default\" data-id=\"a42f898\" data-element_type=\"section\" data-e-type=\"section\" data-settings=\"{&quot;stretch_section&quot;:&quot;section-stretched&quot;,&quot;background_background&quot;:&quot;classic&quot;}\">\n\t\t\t\t\t\t<div class=\"elementor-container elementor-column-gap-default\">\n\t\t\t\t\t<div class=\"elementor-column elementor-col-100 elementor-top-column elementor-element elementor-element-1fe7e76\" data-id=\"1fe7e76\" data-element_type=\"column\" data-e-type=\"column\">\n\t\t\t<div class=\"elementor-widget-wrap elementor-element-populated\">\n\t\t\t\t\t\t<div class=\"elementor-element elementor-element-5600d99 gallery-spacing-custom elementor-widget elementor-widget-image-gallery\" data-id=\"5600d99\" data-element_type=\"widget\" data-e-type=\"widget\" data-widget_type=\"image-gallery.default\">\n\t\t\t\t<div class=\"elementor-widget-container\">\n\t\t\t\t\t\t\t<div class=\"elementor-image-gallery\">\n\t\t\t<div id='gallery-1' class='gallery galleryid-1316 gallery-columns-4 gallery-size-medium_large'><figure class='gallery-item'>\n\t\t\t<div class='gallery-icon portrait'>\n\t\t\t\t<a data-elementor-open-lightbox=\"yes\" data-elementor-lightbox-slideshow=\"5600d99\" data-elementor-lightbox-title=\"at1.jpg\" data-e-action-hash=\"#elementor-action%3Aaction%3Dlightbox%26settings%3DeyJpZCI6MjU4MSwidXJsIjoiaHR0cHM6XC9cL3ZpY2t5b3J0aXpkb2d0cmFpbmluZy5jb21cL3dwLWNvbnRlbnRcL3VwbG9hZHNcLzIwMjBcLzAzXC9hdDEuanBnIiwic2xpZGVzaG93IjoiNTYwMGQ5OSJ9\" href='https:\/\/vickyortizdogtraining.com\/wp-content\/uploads\/2020\/03\/at1.jpg'><img decoding=\"async\" width=\"600\" height=\"800\" src=\"https:\/\/vickyortizdogtraining.com\/wp-content\/uploads\/2020\/03\/at1.jpg\" class=\"attachment-medium_large size-medium_large\" alt=\"\" srcset=\"https:\/\/vickyortizdogtraining.com\/wp-content\/uploads\/2020\/03\/at1.jpg 600w, https:\/\/vickyortizdogtraining.com\/wp-content\/uploads\/2020\/03\/at1-225x300.jpg 225w\" sizes=\"(max-width: 600px) 100vw, 600px\" \/><\/a>\n\t\t\t<\/div><\/figure><figure class='gallery-item'>\n\t\t\t<div class='gallery-icon portrait'>\n\t\t\t\t<a data-elementor-open-lightbox=\"yes\" data-elementor-lightbox-slideshow=\"5600d99\" data-elementor-lightbox-title=\"theraphy14a.jpg\" data-e-action-hash=\"#elementor-action%3Aaction%3Dlightbox%26settings%3DeyJpZCI6MjU3MiwidXJsIjoiaHR0cHM6XC9cL3ZpY2t5b3J0aXpkb2d0cmFpbmluZy5jb21cL3dwLWNvbnRlbnRcL3VwbG9hZHNcLzIwMjBcLzAzXC90aGVyYXBoeTE0YS5qcGciLCJzbGlkZXNob3ciOiI1NjAwZDk5In0%3D\" href='https:\/\/vickyortizdogtraining.com\/wp-content\/uploads\/2020\/03\/theraphy14a.jpg'><img decoding=\"async\" width=\"600\" height=\"800\" src=\"https:\/\/vickyortizdogtraining.com\/wp-content\/uploads\/2020\/03\/theraphy14a.jpg\" class=\"attachment-medium_large size-medium_large\" alt=\"\" srcset=\"https:\/\/vickyortizdogtraining.com\/wp-content\/uploads\/2020\/03\/theraphy14a.jpg 600w, https:\/\/vickyortizdogtraining.com\/wp-content\/uploads\/2020\/03\/theraphy14a-225x300.jpg 225w\" sizes=\"(max-width: 600px) 100vw, 600px\" \/><\/a>\n\t\t\t<\/div><\/figure><figure class='gallery-item'>\n\t\t\t<div class='gallery-icon portrait'>\n\t\t\t\t<a data-elementor-open-lightbox=\"yes\" data-elementor-lightbox-slideshow=\"5600d99\" data-elementor-lightbox-title=\"at2-1.jpg\" data-e-action-hash=\"#elementor-action%3Aaction%3Dlightbox%26settings%3DeyJpZCI6MjU3NiwidXJsIjoiaHR0cHM6XC9cL3ZpY2t5b3J0aXpkb2d0cmFpbmluZy5jb21cL3dwLWNvbnRlbnRcL3VwbG9hZHNcLzIwMjBcLzAzXC9hdDItMS5qcGciLCJzbGlkZXNob3ciOiI1NjAwZDk5In0%3D\" href='https:\/\/vickyortizdogtraining.com\/wp-content\/uploads\/2020\/03\/at2-1.jpg'><img loading=\"lazy\" decoding=\"async\" width=\"600\" height=\"800\" src=\"https:\/\/vickyortizdogtraining.com\/wp-content\/uploads\/2020\/03\/at2-1.jpg\" class=\"attachment-medium_large size-medium_large\" alt=\"\" srcset=\"https:\/\/vickyortizdogtraining.com\/wp-content\/uploads\/2020\/03\/at2-1.jpg 600w, https:\/\/vickyortizdogtraining.com\/wp-content\/uploads\/2020\/03\/at2-1-225x300.jpg 225w\" sizes=\"(max-width: 600px) 100vw, 600px\" \/><\/a>\n\t\t\t<\/div><\/figure><figure class='gallery-item'>\n\t\t\t<div class='gallery-icon portrait'>\n\t\t\t\t<a data-elementor-open-lightbox=\"yes\" data-elementor-lightbox-slideshow=\"5600d99\" data-elementor-lightbox-title=\"theraphy12a.jpg\" data-e-action-hash=\"#elementor-action%3Aaction%3Dlightbox%26settings%3DeyJpZCI6MjU3MywidXJsIjoiaHR0cHM6XC9cL3ZpY2t5b3J0aXpkb2d0cmFpbmluZy5jb21cL3dwLWNvbnRlbnRcL3VwbG9hZHNcLzIwMjBcLzAzXC90aGVyYXBoeTEyYS5qcGciLCJzbGlkZXNob3ciOiI1NjAwZDk5In0%3D\" href='https:\/\/vickyortizdogtraining.com\/wp-content\/uploads\/2020\/03\/theraphy12a.jpg'><img loading=\"lazy\" decoding=\"async\" width=\"600\" height=\"800\" src=\"https:\/\/vickyortizdogtraining.com\/wp-content\/uploads\/2020\/03\/theraphy12a.jpg\" class=\"attachment-medium_large size-medium_large\" alt=\"\" srcset=\"https:\/\/vickyortizdogtraining.com\/wp-content\/uploads\/2020\/03\/theraphy12a.jpg 600w, https:\/\/vickyortizdogtraining.com\/wp-content\/uploads\/2020\/03\/theraphy12a-225x300.jpg 225w\" sizes=\"(max-width: 600px) 100vw, 600px\" \/><\/a>\n\t\t\t<\/div><\/figure><figure class='gallery-item'>\n\t\t\t<div class='gallery-icon portrait'>\n\t\t\t\t<a data-elementor-open-lightbox=\"yes\" data-elementor-lightbox-slideshow=\"5600d99\" data-elementor-lightbox-title=\"at1a-1.jpg\" data-e-action-hash=\"#elementor-action%3Aaction%3Dlightbox%26settings%3DeyJpZCI6MjU3MSwidXJsIjoiaHR0cHM6XC9cL3ZpY2t5b3J0aXpkb2d0cmFpbmluZy5jb21cL3dwLWNvbnRlbnRcL3VwbG9hZHNcLzIwMjBcLzAzXC9hdDFhLTEuanBnIiwic2xpZGVzaG93IjoiNTYwMGQ5OSJ9\" href='https:\/\/vickyortizdogtraining.com\/wp-content\/uploads\/2020\/03\/at1a-1.jpg'><img loading=\"lazy\" decoding=\"async\" width=\"600\" height=\"800\" src=\"https:\/\/vickyortizdogtraining.com\/wp-content\/uploads\/2020\/03\/at1a-1.jpg\" class=\"attachment-medium_large size-medium_large\" alt=\"\" srcset=\"https:\/\/vickyortizdogtraining.com\/wp-content\/uploads\/2020\/03\/at1a-1.jpg 600w, https:\/\/vickyortizdogtraining.com\/wp-content\/uploads\/2020\/03\/at1a-1-225x300.jpg 225w\" sizes=\"(max-width: 600px) 100vw, 600px\" \/><\/a>\n\t\t\t<\/div><\/figure><figure class='gallery-item'>\n\t\t\t<div class='gallery-icon portrait'>\n\t\t\t\t<a data-elementor-open-lightbox=\"yes\" data-elementor-lightbox-slideshow=\"5600d99\" data-elementor-lightbox-title=\"theraphy3.jpg\" data-e-action-hash=\"#elementor-action%3Aaction%3Dlightbox%26settings%3DeyJpZCI6MjU3OSwidXJsIjoiaHR0cHM6XC9cL3ZpY2t5b3J0aXpkb2d0cmFpbmluZy5jb21cL3dwLWNvbnRlbnRcL3VwbG9hZHNcLzIwMjBcLzAzXC90aGVyYXBoeTMuanBnIiwic2xpZGVzaG93IjoiNTYwMGQ5OSJ9\" href='https:\/\/vickyortizdogtraining.com\/wp-content\/uploads\/2020\/03\/theraphy3.jpg'><img loading=\"lazy\" decoding=\"async\" width=\"600\" height=\"800\" src=\"https:\/\/vickyortizdogtraining.com\/wp-content\/uploads\/2020\/03\/theraphy3.jpg\" class=\"attachment-medium_large size-medium_large\" alt=\"\" srcset=\"https:\/\/vickyortizdogtraining.com\/wp-content\/uploads\/2020\/03\/theraphy3.jpg 600w, https:\/\/vickyortizdogtraining.com\/wp-content\/uploads\/2020\/03\/theraphy3-225x300.jpg 225w\" sizes=\"(max-width: 600px) 100vw, 600px\" \/><\/a>\n\t\t\t<\/div><\/figure>\n\t\t<\/div>\n\t\t<\/div>\n\t\t\t\t\t\t<\/div>\n\t\t\t\t<\/div>\n\t\t\t\t\t<\/div>\n\t\t<\/div>\n\t\t\t\t\t<\/div>\n\t\t<\/section>\n\t\t\t\t<section class=\"elementor-section elementor-top-section elementor-element elementor-element-ef2f1ad elementor-section-stretched elementor-section-boxed elementor-section-height-default elementor-section-height-default\" data-id=\"ef2f1ad\" data-element_type=\"section\" data-e-type=\"section\" data-settings=\"{&quot;stretch_section&quot;:&quot;section-stretched&quot;,&quot;background_background&quot;:&quot;classic&quot;}\">\n\t\t\t\t\t\t<div class=\"elementor-container elementor-column-gap-default\">\n\t\t\t\t\t<div class=\"elementor-column elementor-col-50 elementor-top-column elementor-element elementor-element-9ac6921\" data-id=\"9ac6921\" data-element_type=\"column\" data-e-type=\"column\">\n\t\t\t<div class=\"elementor-widget-wrap elementor-element-populated\">\n\t\t\t\t\t\t<div class=\"elementor-element elementor-element-1216696 elementor-widget elementor-widget-heading\" data-id=\"1216696\" data-element_type=\"widget\" data-e-type=\"widget\" data-widget_type=\"heading.default\">\n\t\t\t\t<div class=\"elementor-widget-container\">\n\t\t\t\t\t<h2 class=\"elementor-heading-title elementor-size-default\">Hablemos de tu mascota<\/h2>\t\t\t\t<\/div>\n\t\t\t\t<\/div>\n\t\t\t\t<div class=\"elementor-element elementor-element-bbefbe4 elementor-widget-divider--view-line elementor-widget elementor-widget-divider\" data-id=\"bbefbe4\" data-element_type=\"widget\" data-e-type=\"widget\" data-widget_type=\"divider.default\">\n\t\t\t\t<div class=\"elementor-widget-container\">\n\t\t\t\t\t\t\t<div class=\"elementor-divider\">\n\t\t\t<span class=\"elementor-divider-separator\">\n\t\t\t\t\t\t<\/span>\n\t\t<\/div>\n\t\t\t\t\t\t<\/div>\n\t\t\t\t<\/div>\n\t\t\t\t<div class=\"elementor-element elementor-element-4ea98dc elementor-widget elementor-widget-text-editor\" data-id=\"4ea98dc\" data-element_type=\"widget\" data-e-type=\"widget\" data-widget_type=\"text-editor.default\">\n\t\t\t\t<div class=\"elementor-widget-container\">\n\t\t\t\t\t\t\t\t\t<h5>Direcci\u00f3n<\/h5><p>122 Sherman Place Jersey City NJ 07307<\/p>\t\t\t\t\t\t\t\t<\/div>\n\t\t\t\t<\/div>\n\t\t\t\t<div class=\"elementor-element elementor-element-1d8ebbf elementor-widget elementor-widget-text-editor\" data-id=\"1d8ebbf\" data-element_type=\"widget\" data-e-type=\"widget\" data-widget_type=\"text-editor.default\">\n\t\t\t\t<div class=\"elementor-widget-container\">\n\t\t\t\t\t\t\t\t\t<h5 class=\"uael-infobox-title elementor-inline-editing\" data-elementor-setting-key=\"infobox_title\" data-elementor-inline-editing-toolbar=\"basic\">Ll\u00e1mame al<\/h5><p>347-603-2290<\/p>\t\t\t\t\t\t\t\t<\/div>\n\t\t\t\t<\/div>\n\t\t\t\t<div class=\"elementor-element elementor-element-997e483 elementor-widget elementor-widget-text-editor\" data-id=\"997e483\" data-element_type=\"widget\" data-e-type=\"widget\" data-widget_type=\"text-editor.default\">\n\t\t\t\t<div class=\"elementor-widget-container\">\n\t\t\t\t\t\t\t\t\t<h5 class=\"uael-infobox-title elementor-inline-editing\" data-elementor-setting-key=\"infobox_title\" data-elementor-inline-editing-toolbar=\"basic\">Email<\/h5><p>vickyortizdogtraining@gmail.com<\/p>\t\t\t\t\t\t\t\t<\/div>\n\t\t\t\t<\/div>\n\t\t\t\t<div class=\"elementor-element elementor-element-6b90cc8 elementor-widget elementor-widget-text-editor\" data-id=\"6b90cc8\" data-element_type=\"widget\" data-e-type=\"widget\" data-widget_type=\"text-editor.default\">\n\t\t\t\t<div class=\"elementor-widget-container\">\n\t\t\t\t\t\t\t\t\t<h5 class=\"uael-infobox-title elementor-inline-editing\" data-elementor-setting-key=\"infobox_title\" data-elementor-inline-editing-toolbar=\"basic\">Social Media<\/h5>\t\t\t\t\t\t\t\t<\/div>\n\t\t\t\t<\/div>\n\t\t\t\t<div class=\"elementor-element elementor-element-21a3680 e-grid-align-left elementor-shape-rounded elementor-grid-0 elementor-widget elementor-widget-social-icons\" data-id=\"21a3680\" data-element_type=\"widget\" data-e-type=\"widget\" data-widget_type=\"social-icons.default\">\n\t\t\t\t<div class=\"elementor-widget-container\">\n\t\t\t\t\t\t\t<div class=\"elementor-social-icons-wrapper elementor-grid\" role=\"list\">\n\t\t\t\t\t\t\t<span class=\"elementor-grid-item\" role=\"listitem\">\n\t\t\t\t\t<a class=\"elementor-icon elementor-social-icon elementor-social-icon-facebook elementor-repeater-item-1327ae8\" href=\"https:\/\/www.facebook.com\/vickyortizdogtraining\/\" target=\"_blank\">\n\t\t\t\t\t\t<span class=\"elementor-screen-only\">Facebook<\/span>\n\t\t\t\t\t\t<i aria-hidden=\"true\" class=\"fab fa-facebook\"><\/i>\t\t\t\t\t<\/a>\n\t\t\t\t<\/span>\n\t\t\t\t\t\t\t<span class=\"elementor-grid-item\" role=\"listitem\">\n\t\t\t\t\t<a class=\"elementor-icon elementor-social-icon elementor-social-icon-yelp elementor-repeater-item-305a1a0\" href=\"https:\/\/www.yelp.com\/biz\/vicky-ortiz-dog-training-jersey-city\" target=\"_blank\">\n\t\t\t\t\t\t<span class=\"elementor-screen-only\">Yelp<\/span>\n\t\t\t\t\t\t<i aria-hidden=\"true\" class=\"fab fa-yelp\"><\/i>\t\t\t\t\t<\/a>\n\t\t\t\t<\/span>\n\t\t\t\t\t\t\t<span class=\"elementor-grid-item\" role=\"listitem\">\n\t\t\t\t\t<a class=\"elementor-icon elementor-social-icon elementor-social-icon-instagram elementor-repeater-item-d7eb486\" href=\"https:\/\/www.instagram.com\/vickyortizdogtraining\/?hl=en\" target=\"_blank\">\n\t\t\t\t\t\t<span class=\"elementor-screen-only\">Instagram<\/span>\n\t\t\t\t\t\t<i aria-hidden=\"true\" class=\"fab fa-instagram\"><\/i>\t\t\t\t\t<\/a>\n\t\t\t\t<\/span>\n\t\t\t\t\t\t\t<span class=\"elementor-grid-item\" role=\"listitem\">\n\t\t\t\t\t<a class=\"elementor-icon elementor-social-icon elementor-social-icon-youtube elementor-repeater-item-a73ca50\" href=\"https:\/\/www.youtube.com\/channel\/UCzlHDOdeYo2K4P_IEatTPcQ\" target=\"_blank\">\n\t\t\t\t\t\t<span class=\"elementor-screen-only\">Youtube<\/span>\n\t\t\t\t\t\t<i aria-hidden=\"true\" class=\"fab fa-youtube\"><\/i>\t\t\t\t\t<\/a>\n\t\t\t\t<\/span>\n\t\t\t\t\t<\/div>\n\t\t\t\t\t\t<\/div>\n\t\t\t\t<\/div>\n\t\t\t\t\t<\/div>\n\t\t<\/div>\n\t\t\t\t<div class=\"elementor-column elementor-col-50 elementor-top-column elementor-element elementor-element-89cf44c\" data-id=\"89cf44c\" data-element_type=\"column\" data-e-type=\"column\">\n\t\t\t<div class=\"elementor-widget-wrap\">\n\t\t\t\t\t\t\t<\/div>\n\t\t<\/div>\n\t\t\t\t\t<\/div>\n\t\t<\/section>\n\t\t\t\t<\/div>\n\t\t","protected":false},"excerpt":{"rendered":"<p>Terapia Asistida En el 2009 Vicky realiz\u00f3 un \u201cDiplomado Internacional en Terapia Asistida por Animales\u201d en\u00a0la Universidad Mayor de Santiago de Chile\u00a0con la\u00a0Fundaci\u00f3n Bocal\u00e1n. Desde el 2016, Vicky y sus perros han realizado voluntariado para\u00a0Creature Comfort Pet Therapy\u00a0y han asistido en varios centros de adultos mayores y en centros de j\u00f3venes con distintas discapacidades. Adicionalmente, [&hellip;]<\/p>\n","protected":false},"author":1,"featured_media":0,"parent":0,"menu_order":4,"comment_status":"closed","ping_status":"closed","template":"","meta":{"site-sidebar-layout":"no-sidebar","site-content-layout":"page-builder","ast-site-content-layout":"full-width-container","site-content-style":"unboxed","site-sidebar-style":"unboxed","ast-global-header-display":"","ast-banner-title-visibility":"","ast-main-header-display":"","ast-hfb-above-header-display":"","ast-hfb-below-header-display":"","ast-hfb-mobile-header-display":"","site-post-title":"disabled","ast-breadcrumbs-content":"disabled","ast-featured-img":"disabled","footer-sml-layout":"","ast-disable-related-posts":"","theme-transparent-header-meta":"enabled","adv-header-id-meta":"","stick-header-meta":"","header-above-stick-meta":"","header-main-stick-meta":"","header-below-stick-meta":"","astra-migrate-meta-layouts":"set","ast-page-background-enabled":"default","ast-page-background-meta":{"desktop":{"background-color":"var(--ast-global-color-4)","background-image":"","background-repeat":"repeat","background-position":"center center","background-size":"auto","background-attachment":"scroll","background-type":"","background-media":"","overlay-type":"","overlay-color":"","overlay-opacity":"","overlay-gradient":""},"tablet":{"background-color":"","background-image":"","background-repeat":"repeat","background-position":"center center","background-size":"auto","background-attachment":"scroll","background-type":"","background-media":"","overlay-type":"","overlay-color":"","overlay-opacity":"","overlay-gradient":""},"mobile":{"background-color":"","background-image":"","background-repeat":"repeat","background-position":"center center","background-size":"auto","background-attachment":"scroll","background-type":"","background-media":"","overlay-type":"","overlay-color":"","overlay-opacity":"","overlay-gradient":""}},"ast-content-background-meta":{"desktop":{"background-color":"var(--ast-global-color-5)","background-image":"","background-repeat":"repeat","background-position":"center center","background-size":"auto","background-attachment":"scroll","background-type":"","background-media":"","overlay-type":"","overlay-color":"","overlay-opacity":"","overlay-gradient":""},"tablet":{"background-color":"var(--ast-global-color-5)","background-image":"","background-repeat":"repeat","background-position":"center center","background-size":"auto","background-attachment":"scroll","background-type":"","background-media":"","overlay-type":"","overlay-color":"","overlay-opacity":"","overlay-gradient":""},"mobile":{"background-color":"var(--ast-global-color-5)","background-image":"","background-repeat":"repeat","background-position":"center center","background-size":"auto","background-attachment":"scroll","background-type":"","background-media":"","overlay-type":"","overlay-color":"","overlay-opacity":"","overlay-gradient":""}},"footnotes":""},"class_list":["post-1316","page","type-page","status-publish","hentry"],"_links":{"self":[{"href":"https:\/\/vickyortizdogtraining.com\/es\/wp-json\/wp\/v2\/pages\/1316","targetHints":{"allow":["GET"]}}],"collection":[{"href":"https:\/\/vickyortizdogtraining.com\/es\/wp-json\/wp\/v2\/pages"}],"about":[{"href":"https:\/\/vickyortizdogtraining.com\/es\/wp-json\/wp\/v2\/types\/page"}],"author":[{"embeddable":true,"href":"https:\/\/vickyortizdogtraining.com\/es\/wp-json\/wp\/v2\/users\/1"}],"replies":[{"embeddable":true,"href":"https:\/\/vickyortizdogtraining.com\/es\/wp-json\/wp\/v2\/comments?post=1316"}],"version-history":[{"count":115,"href":"https:\/\/vickyortizdogtraining.com\/es\/wp-json\/wp\/v2\/pages\/1316\/revisions"}],"predecessor-version":[{"id":7966,"href":"https:\/\/vickyortizdogtraining.com\/es\/wp-json\/wp\/v2\/pages\/1316\/revisions\/7966"}],"wp:attachment":[{"href":"https:\/\/vickyortizdogtraining.com\/es\/wp-json\/wp\/v2\/media?parent=1316"}],"curies":[{"name":"wp","href":"https:\/\/api.w.org\/{rel}","templated":true}]}}